{"id":19049,"date":"2022-02-24T11:25:47","date_gmt":"2022-02-24T10:25:47","guid":{"rendered":"https:\/\/ferrita.mlwebbyra.se\/galvaniserad-v-klamma-o797mm-citroen-peugeot\/"},"modified":"2023-03-28T01:00:26","modified_gmt":"2023-03-27T23:00:26","slug":"galvaniserad-v-klamma-o797mm-citroen-peugeot","status":"publish","type":"product","link":"https:\/\/ferrita.mlwebbyra.se\/en\/galvaniserad-v-klamma-o797mm-citroen-peugeot\/","title":{"rendered":"Galvaniserad V-klamma \u00d879,7mm, Citroen\/Peugeot"},"content":{"rendered":"<div><strong>Galvaniserad V-klamma<\/strong><\/div>\n<div><\/div>\n<div><strong>L\u00e4ngd:<\/strong> 20mm<\/div>\n<div><strong>Bredd:<\/strong> 79,7mm<\/div>\n<div><strong>H\u00f6jd:<\/strong> 79,7mm<\/div>\n<div>\u00a0<\/div>\n<div>Passar bland annat Peugeot och Citro\u00e9n<\/div>\n","protected":false},"excerpt":{"rendered":"<p>Universaldel<\/p>\n","protected":false},"featured_media":34930,"comment_status":"closed","ping_status":"closed","template":"","meta":{"_kad_blocks_custom_css":"","_kad_blocks_head_custom_js":"","_kad_blocks_body_custom_js":"","_kad_blocks_footer_custom_js":"","_kad_post_transparent":"","_kad_post_title":"","_kad_post_layout":"","_kad_post_sidebar_id":"","_kad_post_content_style":"","_kad_post_vertical_padding":"","_kad_post_feature":"","_kad_post_feature_position":"","_kad_post_header":false,"_kad_post_footer":false,"_kad_post_classname":""},"product_brand":[],"product_cat":[2581,2579,92],"product_tag":[4133,2807,2808,2809],"class_list":{"0":"post-19049","1":"product","2":"type-product","3":"status-publish","4":"has-post-thumbnail","6":"product_cat-galvanized","7":"product_cat-pipe-clamps","8":"product_cat-spare-and-products-services","9":"product_tag-797-4330-en","10":"product_tag-galvad-rorklammer-en","11":"product_tag-galvaniserad-rorklammer-en","12":"product_tag-rorklammer-en","14":"first","15":"instock","16":"taxable","17":"shipping-taxable","18":"purchasable","19":"product-type-simple","20":"entry","21":"content-bg","22":"loop-entry"},"taxonomy_info":{"product_cat":[{"value":2581,"label":"Galvanized"},{"value":2579,"label":"Pipe clamps"},{"value":92,"label":"SPARE AND PRODUCTS SERVICES"}],"product_tag":[{"value":4133,"label":"797-4330"},{"value":2807,"label":"galvad r\u00f6rklammer"},{"value":2808,"label":"galvaniserad r\u00f6rklammer"},{"value":2809,"label":"r\u00f6rklammer"}]},"featured_image_src_large":["https:\/\/ferrita.mlwebbyra.se\/wp-content\/uploads\/2023\/03\/797-4330_1.jpg",450,378,false],"author_info":[],"comment_info":0,"_links":{"self":[{"href":"https:\/\/ferrita.mlwebbyra.se\/en\/wp-json\/wp\/v2\/product\/19049","targetHints":{"allow":["GET"]}}],"collection":[{"href":"https:\/\/ferrita.mlwebbyra.se\/en\/wp-json\/wp\/v2\/product"}],"about":[{"href":"https:\/\/ferrita.mlwebbyra.se\/en\/wp-json\/wp\/v2\/types\/product"}],"replies":[{"embeddable":true,"href":"https:\/\/ferrita.mlwebbyra.se\/en\/wp-json\/wp\/v2\/comments?post=19049"}],"wp:featuredmedia":[{"embeddable":true,"href":"https:\/\/ferrita.mlwebbyra.se\/en\/wp-json\/wp\/v2\/media\/34930"}],"wp:attachment":[{"href":"https:\/\/ferrita.mlwebbyra.se\/en\/wp-json\/wp\/v2\/media?parent=19049"}],"wp:term":[{"taxonomy":"product_brand","embeddable":true,"href":"https:\/\/ferrita.mlwebbyra.se\/en\/wp-json\/wp\/v2\/product_brand?post=19049"},{"taxonomy":"product_cat","embeddable":true,"href":"https:\/\/ferrita.mlwebbyra.se\/en\/wp-json\/wp\/v2\/product_cat?post=19049"},{"taxonomy":"product_tag","embeddable":true,"href":"https:\/\/ferrita.mlwebbyra.se\/en\/wp-json\/wp\/v2\/product_tag?post=19049"}],"curies":[{"name":"wp","href":"https:\/\/api.w.org\/{rel}","templated":true}]}}