{"id":19042,"date":"2022-03-01T10:45:19","date_gmt":"2022-03-01T09:45:19","guid":{"rendered":"https:\/\/ferrita.mlwebbyra.se\/utjamnings-anslutningsror-rostfritt-yd-o761mm-laserskuret\/"},"modified":"2023-03-28T09:00:05","modified_gmt":"2023-03-28T07:00:05","slug":"utjamnings-anslutningsror-rostfritt-yd-o761mm-laserskuret","status":"publish","type":"product","link":"https:\/\/ferrita.mlwebbyra.se\/en\/utjamnings-anslutningsror-rostfritt-yd-o761mm-laserskuret\/","title":{"rendered":"Utj\u00e4mnings \/ anslutningsr\u00f6r Rostfritt Yd. \u00d876,1mm laserskuret"},"content":{"rendered":"<p><strong>Rostfritt Utj\u00e4mnings-\/anslutningsr\u00f6r<\/strong><\/p>\n<p>Laserskuret<\/p>\n<p>\u00a0<\/p>\n<p>F\u00f6r sammansvetsning av dubbla avgassystem,<\/p>\n<p>eller som anslutningsr\u00f6r till avgasventil<\/p>\n<p>\u00a0<\/p>\n<p><strong>L\u00e4ngd:<\/strong> c\/c 125mm<\/p>\n<p><strong>Ytterdiameter:<\/strong> \u00d8 76,1mm\u00a0<\/p>\n<p><strong>Material:\u00a0<\/strong>EN1.4509<\/p>\n","protected":false},"excerpt":{"rendered":"<p>Universaldel<\/p>\n","protected":false},"featured_media":37388,"comment_status":"open","ping_status":"closed","template":"","meta":{"_kad_blocks_custom_css":"","_kad_blocks_head_custom_js":"","_kad_blocks_body_custom_js":"","_kad_blocks_footer_custom_js":"","_kad_post_transparent":"","_kad_post_title":"","_kad_post_layout":"","_kad_post_sidebar_id":"","_kad_post_content_style":"","_kad_post_vertical_padding":"","_kad_post_feature":"","_kad_post_feature_position":"","_kad_post_header":false,"_kad_post_footer":false,"_kad_post_classname":""},"product_brand":[],"product_cat":[2586,92],"product_tag":[4125,2698,2699],"class_list":{"0":"post-19042","1":"product","2":"type-product","3":"status-publish","4":"has-post-thumbnail","6":"product_cat-miscellaneous","7":"product_cat-spare-and-products-services","8":"product_tag-2xr761-en","9":"product_tag-anslutningsror-en","10":"product_tag-rostfritt-anslutningsror-en","12":"first","13":"instock","14":"taxable","15":"shipping-taxable","16":"purchasable","17":"product-type-simple","18":"entry","19":"content-bg","20":"loop-entry"},"taxonomy_info":{"product_cat":[{"value":2586,"label":"Miscellaneous"},{"value":92,"label":"SPARE AND PRODUCTS SERVICES"}],"product_tag":[{"value":4125,"label":"2XR761"},{"value":2698,"label":"anslutningsr\u00f6r"},{"value":2699,"label":"rostfritt anslutningsr\u00f6r"}]},"featured_image_src_large":["https:\/\/ferrita.mlwebbyra.se\/wp-content\/uploads\/2023\/03\/2XR761_1.jpg",750,558,false],"author_info":[],"comment_info":0,"_links":{"self":[{"href":"https:\/\/ferrita.mlwebbyra.se\/en\/wp-json\/wp\/v2\/product\/19042","targetHints":{"allow":["GET"]}}],"collection":[{"href":"https:\/\/ferrita.mlwebbyra.se\/en\/wp-json\/wp\/v2\/product"}],"about":[{"href":"https:\/\/ferrita.mlwebbyra.se\/en\/wp-json\/wp\/v2\/types\/product"}],"replies":[{"embeddable":true,"href":"https:\/\/ferrita.mlwebbyra.se\/en\/wp-json\/wp\/v2\/comments?post=19042"}],"wp:featuredmedia":[{"embeddable":true,"href":"https:\/\/ferrita.mlwebbyra.se\/en\/wp-json\/wp\/v2\/media\/37388"}],"wp:attachment":[{"href":"https:\/\/ferrita.mlwebbyra.se\/en\/wp-json\/wp\/v2\/media?parent=19042"}],"wp:term":[{"taxonomy":"product_brand","embeddable":true,"href":"https:\/\/ferrita.mlwebbyra.se\/en\/wp-json\/wp\/v2\/product_brand?post=19042"},{"taxonomy":"product_cat","embeddable":true,"href":"https:\/\/ferrita.mlwebbyra.se\/en\/wp-json\/wp\/v2\/product_cat?post=19042"},{"taxonomy":"product_tag","embeddable":true,"href":"https:\/\/ferrita.mlwebbyra.se\/en\/wp-json\/wp\/v2\/product_tag?post=19042"}],"curies":[{"name":"wp","href":"https:\/\/api.w.org\/{rel}","templated":true}]}}