{"id":18985,"date":"2023-01-16T12:30:05","date_gmt":"2023-01-16T11:30:05","guid":{"rendered":"https:\/\/ferrita.mlwebbyra.se\/flans-rostfri-roranslutning-id-o70mm-kona-id-90mm-pa-toppen\/"},"modified":"2023-03-28T01:03:09","modified_gmt":"2023-03-27T23:03:09","slug":"flans-rostfri-roranslutning-id-o70mm-kona-id-90mm-pa-toppen","status":"publish","type":"product","link":"https:\/\/ferrita.mlwebbyra.se\/en\/flans-rostfri-roranslutning-id-o70mm-kona-id-90mm-pa-toppen\/","title":{"rendered":"Fl\u00e4ns Rostfri r\u00f6ranslutning Id \u00d870mm Kona Id 90mm p\u00e5 toppen"},"content":{"rendered":"<p><strong>Fl\u00e4ns svarvad till Porsche 991, 997, 996 GT3, GT3RS<\/strong><\/p>\n<p>\u00a0<\/p>\n<p>\u00a0<\/p>\n<p><strong>Material:<\/strong> Rostfri EN1.4301<\/p>\n<p><strong>Innerdiameter:<\/strong>\u00a0\u00d870mm Id\u00a0i r\u00f6ranslutning f\u00f6r insvetsning\u00a0<\/p>\n<p>och \u00d890mm\u00a0l\u00e4ngst ut p\u00e5 den sv\u00e4riska svarvade konan<\/p>\n","protected":false},"excerpt":{"rendered":"<p>Porsche 991\/997\/996 GT3 GT3 RS<\/p>\n","protected":false},"featured_media":35608,"comment_status":"open","ping_status":"closed","template":"","meta":{"_kad_blocks_custom_css":"","_kad_blocks_head_custom_js":"","_kad_blocks_body_custom_js":"","_kad_blocks_footer_custom_js":"","_kad_post_transparent":"default","_kad_post_title":"","_kad_post_layout":"default","_kad_post_sidebar_id":"","_kad_post_content_style":"default","_kad_post_vertical_padding":"default","_kad_post_feature":"","_kad_post_feature_position":"","_kad_post_header":false,"_kad_post_footer":false,"_kad_post_classname":""},"product_brand":[],"product_cat":[2370,2380,2381,2436,4990,4991,2452,2455,2369,92,2438],"product_tag":[],"class_list":{"0":"post-18985","1":"product","2":"type-product","3":"status-publish","4":"has-post-thumbnail","6":"product_cat-911-en","7":"product_cat-996-en","8":"product_cat-997-en","9":"product_cat-flanges","10":"product_cat-gt3-en","11":"product_cat-gt3rs-en","12":"product_cat-o70-72mm-en","13":"product_cat-o89mm-en","14":"product_cat-porsche-en","15":"product_cat-spare-and-products-services","16":"product_cat-stainless","18":"first","19":"instock","20":"taxable","21":"shipping-taxable","22":"purchasable","23":"product-type-simple","24":"entry","25":"content-bg","26":"loop-entry"},"taxonomy_info":{"product_cat":[{"value":2370,"label":"911"},{"value":2380,"label":"996"},{"value":2381,"label":"997"},{"value":2436,"label":"Flanges"},{"value":4990,"label":"GT3"},{"value":4991,"label":"GT3RS"},{"value":2452,"label":"\u00d870-72mm"},{"value":2455,"label":"\u00d889mm"},{"value":2369,"label":"Porsche"},{"value":92,"label":"SPARE AND PRODUCTS SERVICES"},{"value":2438,"label":"Stainless"}]},"featured_image_src_large":["https:\/\/ferrita.mlwebbyra.se\/wp-content\/uploads\/2023\/03\/FLPOGT3_1.jpg",800,566,false],"author_info":[],"comment_info":0,"_links":{"self":[{"href":"https:\/\/ferrita.mlwebbyra.se\/en\/wp-json\/wp\/v2\/product\/18985","targetHints":{"allow":["GET"]}}],"collection":[{"href":"https:\/\/ferrita.mlwebbyra.se\/en\/wp-json\/wp\/v2\/product"}],"about":[{"href":"https:\/\/ferrita.mlwebbyra.se\/en\/wp-json\/wp\/v2\/types\/product"}],"replies":[{"embeddable":true,"href":"https:\/\/ferrita.mlwebbyra.se\/en\/wp-json\/wp\/v2\/comments?post=18985"}],"wp:featuredmedia":[{"embeddable":true,"href":"https:\/\/ferrita.mlwebbyra.se\/en\/wp-json\/wp\/v2\/media\/35608"}],"wp:attachment":[{"href":"https:\/\/ferrita.mlwebbyra.se\/en\/wp-json\/wp\/v2\/media?parent=18985"}],"wp:term":[{"taxonomy":"product_brand","embeddable":true,"href":"https:\/\/ferrita.mlwebbyra.se\/en\/wp-json\/wp\/v2\/product_brand?post=18985"},{"taxonomy":"product_cat","embeddable":true,"href":"https:\/\/ferrita.mlwebbyra.se\/en\/wp-json\/wp\/v2\/product_cat?post=18985"},{"taxonomy":"product_tag","embeddable":true,"href":"https:\/\/ferrita.mlwebbyra.se\/en\/wp-json\/wp\/v2\/product_tag?post=18985"}],"curies":[{"name":"wp","href":"https:\/\/api.w.org\/{rel}","templated":true}]}}