{"id":18983,"date":"2022-06-23T08:48:23","date_gmt":"2022-06-23T06:48:23","guid":{"rendered":"https:\/\/ferrita.mlwebbyra.se\/forstarkningsplat-rostfri\/"},"modified":"2023-03-28T01:00:41","modified_gmt":"2023-03-27T23:00:41","slug":"forstarkningsplat-rostfri","status":"publish","type":"product","link":"https:\/\/ferrita.mlwebbyra.se\/en\/forstarkningsplat-rostfri\/","title":{"rendered":"F\u00f6rst\u00e4rkningspl\u00e5t Rostfri"},"content":{"rendered":"<p>F\u00f6rst\u00e4rkningspl\u00e5t Rostfri<\/p>\n<p>\u00a0<\/p>\n<p><strong>CC Bult:<\/strong> 81mm<\/p>\n<p><strong>L\u00e4ngd:<\/strong> 109mm<\/p>\n<p><strong>Tjock:<\/strong> 1,5mm<\/p>\n","protected":false},"excerpt":{"rendered":"<p>F\u00f6rst\u00e4rkningspl\u00e5t Rostfri \u00a0 CC Bult: 81mm L\u00e4ngd: 109mm Tjock: 1,5mm<\/p>\n","protected":false},"featured_media":34990,"comment_status":"open","ping_status":"closed","template":"","meta":{"_kad_blocks_custom_css":"","_kad_blocks_head_custom_js":"","_kad_blocks_body_custom_js":"","_kad_blocks_footer_custom_js":"","_kad_post_transparent":"","_kad_post_title":"","_kad_post_layout":"","_kad_post_sidebar_id":"","_kad_post_content_style":"","_kad_post_vertical_padding":"","_kad_post_feature":"","_kad_post_feature_position":"","_kad_post_header":false,"_kad_post_footer":false,"_kad_post_classname":""},"product_brand":[],"product_cat":[2583],"product_tag":[],"class_list":{"0":"post-18983","1":"product","2":"type-product","3":"status-publish","4":"has-post-thumbnail","6":"product_cat-suspension-details","8":"first","9":"instock","10":"taxable","11":"shipping-taxable","12":"purchasable","13":"product-type-simple","14":"entry","15":"content-bg","16":"loop-entry"},"taxonomy_info":{"product_cat":[{"value":2583,"label":"Suspension details"}]},"featured_image_src_large":["https:\/\/ferrita.mlwebbyra.se\/wp-content\/uploads\/2023\/03\/9393-711-P1_1.jpg",416,231,false],"author_info":[],"comment_info":0,"_links":{"self":[{"href":"https:\/\/ferrita.mlwebbyra.se\/en\/wp-json\/wp\/v2\/product\/18983","targetHints":{"allow":["GET"]}}],"collection":[{"href":"https:\/\/ferrita.mlwebbyra.se\/en\/wp-json\/wp\/v2\/product"}],"about":[{"href":"https:\/\/ferrita.mlwebbyra.se\/en\/wp-json\/wp\/v2\/types\/product"}],"replies":[{"embeddable":true,"href":"https:\/\/ferrita.mlwebbyra.se\/en\/wp-json\/wp\/v2\/comments?post=18983"}],"wp:featuredmedia":[{"embeddable":true,"href":"https:\/\/ferrita.mlwebbyra.se\/en\/wp-json\/wp\/v2\/media\/34990"}],"wp:attachment":[{"href":"https:\/\/ferrita.mlwebbyra.se\/en\/wp-json\/wp\/v2\/media?parent=18983"}],"wp:term":[{"taxonomy":"product_brand","embeddable":true,"href":"https:\/\/ferrita.mlwebbyra.se\/en\/wp-json\/wp\/v2\/product_brand?post=18983"},{"taxonomy":"product_cat","embeddable":true,"href":"https:\/\/ferrita.mlwebbyra.se\/en\/wp-json\/wp\/v2\/product_cat?post=18983"},{"taxonomy":"product_tag","embeddable":true,"href":"https:\/\/ferrita.mlwebbyra.se\/en\/wp-json\/wp\/v2\/product_tag?post=18983"}],"curies":[{"name":"wp","href":"https:\/\/api.w.org\/{rel}","templated":true}]}}