{"id":16641,"date":"2022-10-26T13:30:03","date_gmt":"2022-10-26T11:30:03","guid":{"rendered":"https:\/\/ferrita.mlwebbyra.se\/bmw-x5-g05-f95-x6-g06-f95-b58-3-0t-6-19-2\/"},"modified":"2023-03-28T01:02:09","modified_gmt":"2023-03-27T23:02:09","slug":"bmw-x5-g05-f95-x6-g06-f95-b58-3-0t-6-19-2","status":"publish","type":"product","link":"https:\/\/ferrita.mlwebbyra.se\/en\/bmw-x5-g05-f95-x6-g06-f95-b58-3-0t-6-19-2\/","title":{"rendered":"BMW X5 (G05, F95) \/ X6 (G06, F95) B58 3.0T. 6\/19-"},"content":{"rendered":"<p><strong>High Performance<\/strong><\/p>\n<p><strong>Stainless steel downpipe<\/strong><\/p>\n<p><strong>Replace catalytic converter<\/strong><\/p>\n<p><strong>OPF<\/strong><\/p>\n<p><strong>\u00a0<\/strong><\/p>\n<p><strong>Fits\u00a0to:<\/strong><\/p>\n<p><strong>BMW <\/strong><strong>xDrive<\/strong><\/p>\n<p><strong>X5 (G05, F95) B58. 6-cyl. 3.0T<\/strong><\/p>\n<p>\u2022 4.0i Mild-Hybrid, 333Hp. My: 12\/20-<\/p>\n<p>\u2022 45 e Plug-in-Hybrid, 211Hp. My: 6\/19-<\/p>\n<p>\u2022 45 e Plug-in-Hybrid, 286Hp. My: 6\/19-<\/p>\n<p>\u2022 45 e Plug-in-Hybrid, 320Hp. My: 6\/19-<\/p>\n<p>\u2022 45 e Plug-in-Hybrid, 394Hp. My: 6\/19-<\/p>\n<p><strong>X6 (G06, F96) B58. 6-cyl. 3.0T<\/strong><\/p>\n<p>\u2022 4.0i Mild-Hybrid, 333Hp. My: 12\/20-<\/p>\n<p>\u2022 4.0i Mild-Hybrid, 340Hp. My: 8\/19-<\/p>\n<p>\u00a0<\/p>\n<p dir=\"LTR\"><strong>Note<\/strong>:<\/p>\n<p dir=\"LTR\">When installing this product, engine software must be adjusted accordingly<\/p>\n<p dir=\"LTR\">Without T\u00dcV-approval<\/p>\n<p dir=\"LTR\">Price SEK incl. Swedish VAT, for net price take .\/.20%<\/p>\n","protected":false},"excerpt":{"rendered":"<p>Rostfritt ers\u00e4ttningsr\u00f6r f\u00f6r katalysator<\/p>\n","protected":false},"featured_media":16648,"comment_status":"open","ping_status":"closed","template":"","meta":{"_kad_blocks_custom_css":"","_kad_blocks_head_custom_js":"","_kad_blocks_body_custom_js":"","_kad_blocks_footer_custom_js":"","_kad_post_transparent":"default","_kad_post_title":"","_kad_post_layout":"default","_kad_post_sidebar_id":"","_kad_post_content_style":"default","_kad_post_vertical_padding":"default","_kad_post_feature":"","_kad_post_feature_position":"","_kad_post_header":false,"_kad_post_footer":false,"_kad_post_classname":""},"product_brand":[],"product_cat":[2253,2254],"product_tag":[],"class_list":{"0":"post-16641","1":"product","2":"type-product","3":"status-publish","4":"has-post-thumbnail","6":"product_cat-x5-en","7":"product_cat-x6-en","9":"first","10":"instock","11":"taxable","12":"shipping-taxable","13":"purchasable","14":"product-type-simple","15":"entry","16":"content-bg","17":"loop-entry"},"taxonomy_info":{"product_cat":[{"value":2253,"label":"X5"},{"value":2254,"label":"X6"}]},"featured_image_src_large":["https:\/\/ferrita.mlwebbyra.se\/wp-content\/uploads\/2022\/10\/BWKX56042SU.jpg",750,676,false],"author_info":[],"comment_info":0,"_links":{"self":[{"href":"https:\/\/ferrita.mlwebbyra.se\/en\/wp-json\/wp\/v2\/product\/16641","targetHints":{"allow":["GET"]}}],"collection":[{"href":"https:\/\/ferrita.mlwebbyra.se\/en\/wp-json\/wp\/v2\/product"}],"about":[{"href":"https:\/\/ferrita.mlwebbyra.se\/en\/wp-json\/wp\/v2\/types\/product"}],"replies":[{"embeddable":true,"href":"https:\/\/ferrita.mlwebbyra.se\/en\/wp-json\/wp\/v2\/comments?post=16641"}],"wp:featuredmedia":[{"embeddable":true,"href":"https:\/\/ferrita.mlwebbyra.se\/en\/wp-json\/wp\/v2\/media\/16648"}],"wp:attachment":[{"href":"https:\/\/ferrita.mlwebbyra.se\/en\/wp-json\/wp\/v2\/media?parent=16641"}],"wp:term":[{"taxonomy":"product_brand","embeddable":true,"href":"https:\/\/ferrita.mlwebbyra.se\/en\/wp-json\/wp\/v2\/product_brand?post=16641"},{"taxonomy":"product_cat","embeddable":true,"href":"https:\/\/ferrita.mlwebbyra.se\/en\/wp-json\/wp\/v2\/product_cat?post=16641"},{"taxonomy":"product_tag","embeddable":true,"href":"https:\/\/ferrita.mlwebbyra.se\/en\/wp-json\/wp\/v2\/product_tag?post=16641"}],"curies":[{"name":"wp","href":"https:\/\/api.w.org\/{rel}","templated":true}]}}