{"id":16591,"date":"2022-02-18T14:25:59","date_gmt":"2022-02-18T13:25:59","guid":{"rendered":"https:\/\/ferrita.mlwebbyra.se\/runda-dubbla-2-x-70mm-hoger-ansl-id-o-635mm-2\/"},"modified":"2023-03-28T01:11:14","modified_gmt":"2023-03-27T23:11:14","slug":"runda-dubbla-2-x-70mm-hoger-ansl-id-o-635mm-2","status":"publish","type":"product","link":"https:\/\/ferrita.mlwebbyra.se\/en\/runda-dubbla-2-x-70mm-hoger-ansl-id-o-635mm-2\/","title":{"rendered":"Runda dubbla, 2 x 70mm h\u00f6ger ansl. = id \u00d8 63,5mm"},"content":{"rendered":"<p><strong>Stainless Double Tailpipe\u00a0Ferrita Design Right<\/strong><\/p>\n<p>Round<\/p>\n<p>\u00a0<\/p>\n<p><strong>Connection: Inside Diameter:<\/strong>\u00a063,5 mm<\/p>\n<p><strong>Length:<\/strong> 225mm<\/p>\n<p><strong>Total Width:<\/strong> 150mm<\/p>\n<p><strong>Height:<\/strong> 70mm<\/p>\n<p>\u00a0<\/p>\n<p><strong>Note:<\/strong><\/p>\n<p>Connect the tailpipe with the existing insex screw<\/p>\n<p>\u00a0<\/p>\n<p><strong>Accessories:<\/strong><\/p>\n<p>Spacers for another dimension:<\/p>\n<p>\u00a0<\/p>\n<p><strong>DIS508<\/strong> =\u00a0For pipes with outside diameter: 2\u201d (50,8 mm)\u00a0fits pipes\u00a0up to\u00a02\u00bd\u201d (63,5 mm) inside diameter, length: 48mm<\/p>\n<p>\u00a0<\/p>\n<p><strong>DIS540<\/strong> = For pipes with outside diameter:\u00a02 1\/8\u201d (54 mm)\u00a0fits pipes up to\u00a0\u00d8 2\u00bd\u201d (63,5 mm) inside diameter, length: 48mm<\/p>\n","protected":false},"excerpt":{"rendered":"<p>\u00c4ndr\u00f6r Rostfritt Ferrita design<\/p>\n","protected":false},"featured_media":37288,"comment_status":"closed","ping_status":"closed","template":"","meta":{"_kad_blocks_custom_css":"","_kad_blocks_head_custom_js":"","_kad_blocks_body_custom_js":"","_kad_blocks_footer_custom_js":"","_kad_post_transparent":"","_kad_post_title":"","_kad_post_layout":"","_kad_post_sidebar_id":"","_kad_post_content_style":"","_kad_post_vertical_padding":"","_kad_post_feature":"","_kad_post_feature_position":"","_kad_post_header":false,"_kad_post_footer":false,"_kad_post_classname":""},"product_brand":[],"product_cat":[2686,2662],"product_tag":[3229,3230,3231,3386],"class_list":{"0":"post-16591","1":"product","2":"type-product","3":"status-publish","4":"has-post-thumbnail","6":"product_cat-polished","7":"product_cat-tail-pipes","8":"product_tag-andror-en","9":"product_tag-rostfritt-andror-en","10":"product_tag-slutror-en","11":"product_tag-zz-2x71r-en","13":"first","14":"instock","15":"taxable","16":"shipping-taxable","17":"purchasable","18":"product-type-simple","19":"entry","20":"content-bg","21":"loop-entry"},"taxonomy_info":{"product_cat":[{"value":2686,"label":"Polished"},{"value":2662,"label":"Tail pipes"}],"product_tag":[{"value":3229,"label":"\u00e4ndr\u00f6r"},{"value":3230,"label":"rostfritt \u00e4ndr\u00f6r"},{"value":3231,"label":"slutr\u00f6r"},{"value":3386,"label":"ZZ 2X71R"}]},"featured_image_src_large":["https:\/\/ferrita.mlwebbyra.se\/wp-content\/uploads\/2023\/03\/ZZ-2X71R_1.jpg",650,434,false],"author_info":[],"comment_info":0,"_links":{"self":[{"href":"https:\/\/ferrita.mlwebbyra.se\/en\/wp-json\/wp\/v2\/product\/16591","targetHints":{"allow":["GET"]}}],"collection":[{"href":"https:\/\/ferrita.mlwebbyra.se\/en\/wp-json\/wp\/v2\/product"}],"about":[{"href":"https:\/\/ferrita.mlwebbyra.se\/en\/wp-json\/wp\/v2\/types\/product"}],"replies":[{"embeddable":true,"href":"https:\/\/ferrita.mlwebbyra.se\/en\/wp-json\/wp\/v2\/comments?post=16591"}],"wp:featuredmedia":[{"embeddable":true,"href":"https:\/\/ferrita.mlwebbyra.se\/en\/wp-json\/wp\/v2\/media\/37288"}],"wp:attachment":[{"href":"https:\/\/ferrita.mlwebbyra.se\/en\/wp-json\/wp\/v2\/media?parent=16591"}],"wp:term":[{"taxonomy":"product_brand","embeddable":true,"href":"https:\/\/ferrita.mlwebbyra.se\/en\/wp-json\/wp\/v2\/product_brand?post=16591"},{"taxonomy":"product_cat","embeddable":true,"href":"https:\/\/ferrita.mlwebbyra.se\/en\/wp-json\/wp\/v2\/product_cat?post=16591"},{"taxonomy":"product_tag","embeddable":true,"href":"https:\/\/ferrita.mlwebbyra.se\/en\/wp-json\/wp\/v2\/product_tag?post=16591"}],"curies":[{"name":"wp","href":"https:\/\/api.w.org\/{rel}","templated":true}]}}