{"id":16556,"date":"2022-05-10T10:14:26","date_gmt":"2022-05-10T08:14:26","guid":{"rendered":"https:\/\/ferrita.mlwebbyra.se\/fjarrdosa-2st-med-kopplingsdosa\/"},"modified":"2023-03-28T01:10:54","modified_gmt":"2023-03-27T23:10:54","slug":"fjarrdosa-2st-med-kopplingsdosa","status":"publish","type":"product","link":"https:\/\/ferrita.mlwebbyra.se\/en\/fjarrdosa-2st-med-kopplingsdosa\/","title":{"rendered":"Fj\u00e4rrdosa 2st med kopplingsdosa"},"content":{"rendered":"<div><strong>Remote Controller To Electric Exhauts Valve<\/strong><\/div>\n<div>\n<p>\u00a0<\/p>\n<\/div>\n<div><strong>Fits to article number:<\/strong><\/div>\n<div>EXHAUSTVALVE57<\/div>\n<div>EXHAUSTVALVE57D<\/div>\n<div>EXHAUSTVALVE64<\/div>\n","protected":false},"excerpt":{"rendered":"<p>Universaldel<\/p>\n","protected":false},"featured_media":37204,"comment_status":"closed","ping_status":"closed","template":"","meta":{"_kad_blocks_custom_css":"","_kad_blocks_head_custom_js":"","_kad_blocks_body_custom_js":"","_kad_blocks_footer_custom_js":"","_kad_post_transparent":"","_kad_post_title":"","_kad_post_layout":"","_kad_post_sidebar_id":"","_kad_post_content_style":"","_kad_post_vertical_padding":"","_kad_post_feature":"","_kad_post_feature_position":"","_kad_post_header":false,"_kad_post_footer":false,"_kad_post_classname":""},"product_brand":[],"product_cat":[2396,2397,2398,2399,2400,92],"product_tag":[2886,2887,3342,3343],"class_list":{"0":"post-16556","1":"product","2":"type-product","3":"status-publish","4":"has-post-thumbnail","6":"product_cat-exhaust-valves","7":"product_cat-id-635mm-2-en","8":"product_cat-id-70mm-en","9":"product_cat-id-761mm-3-en","10":"product_cat-id-o55mm-en","11":"product_cat-spare-and-products-services","12":"product_tag-avgasspjall-en","13":"product_tag-avgasventil-en","14":"product_tag-fjarrdosa-en","15":"product_tag-wf50-en","17":"first","18":"instock","19":"taxable","20":"shipping-taxable","21":"purchasable","22":"product-type-simple","23":"entry","24":"content-bg","25":"loop-entry"},"taxonomy_info":{"product_cat":[{"value":2396,"label":"Exhaust valves"},{"value":2397,"label":"Id 63,5mm \/ 2\u00bd"},{"value":2398,"label":"Id 70mm"},{"value":2399,"label":"Id 76,1mm \/ 3"},{"value":2400,"label":"Id \u00d855mm"},{"value":92,"label":"SPARE AND PRODUCTS SERVICES"}],"product_tag":[{"value":2886,"label":"avgasspj\u00e4ll"},{"value":2887,"label":"avgasventil"},{"value":3342,"label":"fj\u00e4rrdosa"},{"value":3343,"label":"WF50"}]},"featured_image_src_large":["https:\/\/ferrita.mlwebbyra.se\/wp-content\/uploads\/2023\/03\/WF50_1.jpg",800,668,false],"author_info":[],"comment_info":0,"_links":{"self":[{"href":"https:\/\/ferrita.mlwebbyra.se\/en\/wp-json\/wp\/v2\/product\/16556","targetHints":{"allow":["GET"]}}],"collection":[{"href":"https:\/\/ferrita.mlwebbyra.se\/en\/wp-json\/wp\/v2\/product"}],"about":[{"href":"https:\/\/ferrita.mlwebbyra.se\/en\/wp-json\/wp\/v2\/types\/product"}],"replies":[{"embeddable":true,"href":"https:\/\/ferrita.mlwebbyra.se\/en\/wp-json\/wp\/v2\/comments?post=16556"}],"wp:featuredmedia":[{"embeddable":true,"href":"https:\/\/ferrita.mlwebbyra.se\/en\/wp-json\/wp\/v2\/media\/37204"}],"wp:attachment":[{"href":"https:\/\/ferrita.mlwebbyra.se\/en\/wp-json\/wp\/v2\/media?parent=16556"}],"wp:term":[{"taxonomy":"product_brand","embeddable":true,"href":"https:\/\/ferrita.mlwebbyra.se\/en\/wp-json\/wp\/v2\/product_brand?post=16556"},{"taxonomy":"product_cat","embeddable":true,"href":"https:\/\/ferrita.mlwebbyra.se\/en\/wp-json\/wp\/v2\/product_cat?post=16556"},{"taxonomy":"product_tag","embeddable":true,"href":"https:\/\/ferrita.mlwebbyra.se\/en\/wp-json\/wp\/v2\/product_tag?post=16556"}],"curies":[{"name":"wp","href":"https:\/\/api.w.org\/{rel}","templated":true}]}}