{"id":16463,"date":"2022-02-18T14:25:42","date_gmt":"2022-02-18T13:25:42","guid":{"rendered":"https:\/\/ferrita.mlwebbyra.se\/runt-o92mm-snedkapat-figuravslut-l140-120mm-ido-63-5mm\/"},"modified":"2023-03-28T09:30:05","modified_gmt":"2023-03-28T07:30:05","slug":"runt-o92mm-snedkapat-figuravslut-l140-120mm-ido-63-5mm","status":"publish","type":"product","link":"https:\/\/ferrita.mlwebbyra.se\/en\/runt-o92mm-snedkapat-figuravslut-l140-120mm-ido-63-5mm\/","title":{"rendered":"Stainless\/carbon, \u00d892mm, id 63,5mm, L=140\/120mm"},"content":{"rendered":"<p><strong>Stainless Tailpipe with Carbon Fiber<\/strong><\/p>\n<p>Figure terminated<\/p>\n<p>\u00a0<\/p>\n<p><strong>Length:<\/strong> 140\/120mm<\/p>\n<p><strong>Width:<\/strong> 92mm<\/p>\n<p><strong>Height:<\/strong> 92mm<\/p>\n<p>\u00a0<\/p>\n<p><strong>Clamp :<\/strong>\u00a0Incl. stainless<\/p>\n","protected":false},"excerpt":{"rendered":"<p>Tailpipe single<\/p>\n","protected":false},"featured_media":37449,"comment_status":"closed","ping_status":"closed","template":"","meta":{"_kad_blocks_custom_css":"","_kad_blocks_head_custom_js":"","_kad_blocks_body_custom_js":"","_kad_blocks_footer_custom_js":"","_kad_post_transparent":"","_kad_post_title":"","_kad_post_layout":"","_kad_post_sidebar_id":"","_kad_post_content_style":"","_kad_post_vertical_padding":"","_kad_post_feature":"","_kad_post_feature_position":"","_kad_post_header":false,"_kad_post_footer":false,"_kad_post_classname":""},"product_brand":[],"product_cat":[2664,2662],"product_tag":[3229,3230,3231,3250],"class_list":{"0":"post-16463","1":"product","2":"type-product","3":"status-publish","4":"has-post-thumbnail","6":"product_cat-carbon-fiber","7":"product_cat-tail-pipes","8":"product_tag-andror-en","9":"product_tag-rostfritt-andror-en","10":"product_tag-slutror-en","11":"product_tag-tpc011-en","13":"first","14":"instock","15":"taxable","16":"shipping-taxable","17":"purchasable","18":"product-type-simple","19":"entry","20":"content-bg","21":"loop-entry"},"taxonomy_info":{"product_cat":[{"value":2664,"label":"Carbon fiber"},{"value":2662,"label":"Tail pipes"}],"product_tag":[{"value":3229,"label":"\u00e4ndr\u00f6r"},{"value":3230,"label":"rostfritt \u00e4ndr\u00f6r"},{"value":3231,"label":"slutr\u00f6r"},{"value":3250,"label":"TPC011"}]},"featured_image_src_large":["https:\/\/ferrita.mlwebbyra.se\/wp-content\/uploads\/2023\/03\/TPC011_1.jpg",750,747,false],"author_info":[],"comment_info":0,"_links":{"self":[{"href":"https:\/\/ferrita.mlwebbyra.se\/en\/wp-json\/wp\/v2\/product\/16463","targetHints":{"allow":["GET"]}}],"collection":[{"href":"https:\/\/ferrita.mlwebbyra.se\/en\/wp-json\/wp\/v2\/product"}],"about":[{"href":"https:\/\/ferrita.mlwebbyra.se\/en\/wp-json\/wp\/v2\/types\/product"}],"replies":[{"embeddable":true,"href":"https:\/\/ferrita.mlwebbyra.se\/en\/wp-json\/wp\/v2\/comments?post=16463"}],"wp:featuredmedia":[{"embeddable":true,"href":"https:\/\/ferrita.mlwebbyra.se\/en\/wp-json\/wp\/v2\/media\/37449"}],"wp:attachment":[{"href":"https:\/\/ferrita.mlwebbyra.se\/en\/wp-json\/wp\/v2\/media?parent=16463"}],"wp:term":[{"taxonomy":"product_brand","embeddable":true,"href":"https:\/\/ferrita.mlwebbyra.se\/en\/wp-json\/wp\/v2\/product_brand?post=16463"},{"taxonomy":"product_cat","embeddable":true,"href":"https:\/\/ferrita.mlwebbyra.se\/en\/wp-json\/wp\/v2\/product_cat?post=16463"},{"taxonomy":"product_tag","embeddable":true,"href":"https:\/\/ferrita.mlwebbyra.se\/en\/wp-json\/wp\/v2\/product_tag?post=16463"}],"curies":[{"name":"wp","href":"https:\/\/api.w.org\/{rel}","templated":true}]}}