{"id":16459,"date":"2022-02-18T14:25:35","date_gmt":"2022-02-18T13:25:35","guid":{"rendered":"https:\/\/ferrita.mlwebbyra.se\/rund-o1016mm-vinklat-l-140mm-ansl-id-o-63mm\/"},"modified":"2023-03-28T01:09:23","modified_gmt":"2023-03-27T23:09:23","slug":"rund-o1016mm-vinklat-l-140mm-ansl-id-o-63mm","status":"publish","type":"product","link":"https:\/\/ferrita.mlwebbyra.se\/en\/rund-o1016mm-vinklat-l-140mm-ansl-id-o-63mm\/","title":{"rendered":"Rund \u00d8101,6mm, Vinklat. L = 140mm. Ansl. id \u00d8 63mm"},"content":{"rendered":"<p><strong>Stainless Tailpipe\/Carbon fiber\u00a0\u00d8 101.6mm<\/strong><\/p>\n<p>Angled with rolled edge<\/p>\n<p>\u00a0<\/p>\n<p><strong>Length:<\/strong> 140mm<\/p>\n<p><strong>Width:<\/strong> 102mm<\/p>\n<p><strong>Height:<\/strong> 102mm<\/p>\n<p><strong>Connection:<\/strong> \u00d8 63,5mm<\/p>\n","protected":false},"excerpt":{"rendered":"<p>\u00c4ndr\u00f6r Rostfritt\/Kolfiber<\/p>\n","protected":false},"featured_media":36926,"comment_status":"closed","ping_status":"closed","template":"","meta":{"_kad_blocks_custom_css":"","_kad_blocks_head_custom_js":"","_kad_blocks_body_custom_js":"","_kad_blocks_footer_custom_js":"","_kad_post_transparent":"","_kad_post_title":"","_kad_post_layout":"","_kad_post_sidebar_id":"","_kad_post_content_style":"","_kad_post_vertical_padding":"","_kad_post_feature":"","_kad_post_feature_position":"","_kad_post_header":false,"_kad_post_footer":false,"_kad_post_classname":""},"product_brand":[],"product_cat":[2664,2662],"product_tag":[3229,3230,3231,3246],"class_list":{"0":"post-16459","1":"product","2":"type-product","3":"status-publish","4":"has-post-thumbnail","6":"product_cat-carbon-fiber","7":"product_cat-tail-pipes","8":"product_tag-andror-en","9":"product_tag-rostfritt-andror-en","10":"product_tag-slutror-en","11":"product_tag-tpc005-en","13":"first","14":"instock","15":"taxable","16":"shipping-taxable","17":"purchasable","18":"product-type-simple","19":"entry","20":"content-bg","21":"loop-entry"},"taxonomy_info":{"product_cat":[{"value":2664,"label":"Carbon fiber"},{"value":2662,"label":"Tail pipes"}],"product_tag":[{"value":3229,"label":"\u00e4ndr\u00f6r"},{"value":3230,"label":"rostfritt \u00e4ndr\u00f6r"},{"value":3231,"label":"slutr\u00f6r"},{"value":3246,"label":"TPC005"}]},"featured_image_src_large":["https:\/\/ferrita.mlwebbyra.se\/wp-content\/uploads\/2023\/03\/TPC005_1.jpg",750,704,false],"author_info":[],"comment_info":0,"_links":{"self":[{"href":"https:\/\/ferrita.mlwebbyra.se\/en\/wp-json\/wp\/v2\/product\/16459","targetHints":{"allow":["GET"]}}],"collection":[{"href":"https:\/\/ferrita.mlwebbyra.se\/en\/wp-json\/wp\/v2\/product"}],"about":[{"href":"https:\/\/ferrita.mlwebbyra.se\/en\/wp-json\/wp\/v2\/types\/product"}],"replies":[{"embeddable":true,"href":"https:\/\/ferrita.mlwebbyra.se\/en\/wp-json\/wp\/v2\/comments?post=16459"}],"wp:featuredmedia":[{"embeddable":true,"href":"https:\/\/ferrita.mlwebbyra.se\/en\/wp-json\/wp\/v2\/media\/36926"}],"wp:attachment":[{"href":"https:\/\/ferrita.mlwebbyra.se\/en\/wp-json\/wp\/v2\/media?parent=16459"}],"wp:term":[{"taxonomy":"product_brand","embeddable":true,"href":"https:\/\/ferrita.mlwebbyra.se\/en\/wp-json\/wp\/v2\/product_brand?post=16459"},{"taxonomy":"product_cat","embeddable":true,"href":"https:\/\/ferrita.mlwebbyra.se\/en\/wp-json\/wp\/v2\/product_cat?post=16459"},{"taxonomy":"product_tag","embeddable":true,"href":"https:\/\/ferrita.mlwebbyra.se\/en\/wp-json\/wp\/v2\/product_tag?post=16459"}],"curies":[{"name":"wp","href":"https:\/\/api.w.org\/{rel}","templated":true}]}}