{"id":16447,"date":"2022-02-18T14:25:29","date_gmt":"2022-02-18T13:25:29","guid":{"rendered":"https:\/\/ferrita.mlwebbyra.se\/rektangulart-77x67mm-med-rullad-kantpolerat-langd-195mm\/"},"modified":"2023-03-28T01:09:13","modified_gmt":"2023-03-27T23:09:13","slug":"rektangulart-77x67mm-med-rullad-kantpolerat-langd-195mm","status":"publish","type":"product","link":"https:\/\/ferrita.mlwebbyra.se\/en\/rektangulart-77x67mm-med-rullad-kantpolerat-langd-195mm\/","title":{"rendered":"Rektangul\u00e4rt 77x67mm, med rullad kant,polerat. L\u00e4ngd =195mm"},"content":{"rendered":"<div><strong>Stainless Tailpipe\u00a03&#8243;<\/strong><\/div>\n<div>Rectangular<\/div>\n<div>\n<p>\u00a0<\/p>\n<\/div>\n<div><strong>Length:<\/strong> 195mm<\/div>\n<div><strong>Width:<\/strong> 77mm<\/div>\n<div><strong>Height<\/strong> 67mm<\/div>\n","protected":false},"excerpt":{"rendered":"<p>\u00c4ndr\u00f6r Rostfritt<\/p>\n","protected":false},"featured_media":36886,"comment_status":"closed","ping_status":"closed","template":"","meta":{"_kad_blocks_custom_css":"","_kad_blocks_head_custom_js":"","_kad_blocks_body_custom_js":"","_kad_blocks_footer_custom_js":"","_kad_post_transparent":"","_kad_post_title":"","_kad_post_layout":"","_kad_post_sidebar_id":"","_kad_post_content_style":"","_kad_post_vertical_padding":"","_kad_post_feature":"","_kad_post_feature_position":"","_kad_post_header":false,"_kad_post_footer":false,"_kad_post_classname":""},"product_brand":[],"product_cat":[2686,2662],"product_tag":[3229,3230,3231,3235],"class_list":{"0":"post-16447","1":"product","2":"type-product","3":"status-publish","4":"has-post-thumbnail","6":"product_cat-polished","7":"product_cat-tail-pipes","8":"product_tag-andror-en","9":"product_tag-rostfritt-andror-en","10":"product_tag-slutror-en","11":"product_tag-tp22021-en","13":"first","14":"instock","15":"taxable","16":"shipping-taxable","17":"purchasable","18":"product-type-simple","19":"entry","20":"content-bg","21":"loop-entry"},"taxonomy_info":{"product_cat":[{"value":2686,"label":"Polished"},{"value":2662,"label":"Tail pipes"}],"product_tag":[{"value":3229,"label":"\u00e4ndr\u00f6r"},{"value":3230,"label":"rostfritt \u00e4ndr\u00f6r"},{"value":3231,"label":"slutr\u00f6r"},{"value":3235,"label":"TP22021"}]},"featured_image_src_large":["https:\/\/ferrita.mlwebbyra.se\/wp-content\/uploads\/2023\/03\/TP22021_1.jpg",300,159,false],"author_info":[],"comment_info":0,"_links":{"self":[{"href":"https:\/\/ferrita.mlwebbyra.se\/en\/wp-json\/wp\/v2\/product\/16447","targetHints":{"allow":["GET"]}}],"collection":[{"href":"https:\/\/ferrita.mlwebbyra.se\/en\/wp-json\/wp\/v2\/product"}],"about":[{"href":"https:\/\/ferrita.mlwebbyra.se\/en\/wp-json\/wp\/v2\/types\/product"}],"replies":[{"embeddable":true,"href":"https:\/\/ferrita.mlwebbyra.se\/en\/wp-json\/wp\/v2\/comments?post=16447"}],"wp:featuredmedia":[{"embeddable":true,"href":"https:\/\/ferrita.mlwebbyra.se\/en\/wp-json\/wp\/v2\/media\/36886"}],"wp:attachment":[{"href":"https:\/\/ferrita.mlwebbyra.se\/en\/wp-json\/wp\/v2\/media?parent=16447"}],"wp:term":[{"taxonomy":"product_brand","embeddable":true,"href":"https:\/\/ferrita.mlwebbyra.se\/en\/wp-json\/wp\/v2\/product_brand?post=16447"},{"taxonomy":"product_cat","embeddable":true,"href":"https:\/\/ferrita.mlwebbyra.se\/en\/wp-json\/wp\/v2\/product_cat?post=16447"},{"taxonomy":"product_tag","embeddable":true,"href":"https:\/\/ferrita.mlwebbyra.se\/en\/wp-json\/wp\/v2\/product_tag?post=16447"}],"curies":[{"name":"wp","href":"https:\/\/api.w.org\/{rel}","templated":true}]}}