{"id":16444,"date":"2022-02-18T14:25:28","date_gmt":"2022-02-18T13:25:28","guid":{"rendered":"https:\/\/ferrita.mlwebbyra.se\/rostfritt-forkromat-andror-rektangulart\/"},"modified":"2023-03-28T01:09:12","modified_gmt":"2023-03-27T23:09:12","slug":"rostfritt-forkromat-andror-rektangulart","status":"publish","type":"product","link":"https:\/\/ferrita.mlwebbyra.se\/en\/rostfritt-forkromat-andror-rektangulart\/","title":{"rendered":"Rostfritt f\u00f6rkromat \u00e4ndr\u00f6r rektangul\u00e4rt"},"content":{"rendered":"<div><strong>Stainless\u00a0Chromed Tailpipe<\/strong><\/div>\n<div>Rectangular<\/div>\n<div>\n<p>\u00a0<\/p>\n<\/div>\n<div>Double Skinned<\/div>\n<div><strong>Connection:<\/strong>\u00a0 49 mm<\/div>\n<div>\n<p>\u00a0<\/p>\n<\/div>\n<div>82x 78 mm<\/div>\n","protected":false},"excerpt":{"rendered":"<p>Universaldel<\/p>\n","protected":false},"featured_media":36878,"comment_status":"closed","ping_status":"closed","template":"","meta":{"_kad_blocks_custom_css":"","_kad_blocks_head_custom_js":"","_kad_blocks_body_custom_js":"","_kad_blocks_footer_custom_js":"","_kad_post_transparent":"","_kad_post_title":"","_kad_post_layout":"","_kad_post_sidebar_id":"","_kad_post_content_style":"","_kad_post_vertical_padding":"","_kad_post_feature":"","_kad_post_feature_position":"","_kad_post_header":false,"_kad_post_footer":false,"_kad_post_classname":""},"product_brand":[],"product_cat":[5301,2686,2662],"product_tag":[3229,3230,3231,3232],"class_list":{"0":"post-16444","1":"product","2":"type-product","3":"status-publish","4":"has-post-thumbnail","6":"product_cat-outlet-en","7":"product_cat-polished","8":"product_cat-tail-pipes","9":"product_tag-andror-en","10":"product_tag-rostfritt-andror-en","11":"product_tag-slutror-en","12":"product_tag-tp22008-en","14":"first","15":"instock","16":"taxable","17":"shipping-taxable","18":"purchasable","19":"product-type-simple","20":"entry","21":"content-bg","22":"loop-entry"},"taxonomy_info":{"product_cat":[{"value":5301,"label":"Outlet"},{"value":2686,"label":"Polished"},{"value":2662,"label":"Tail pipes"}],"product_tag":[{"value":3229,"label":"\u00e4ndr\u00f6r"},{"value":3230,"label":"rostfritt \u00e4ndr\u00f6r"},{"value":3231,"label":"slutr\u00f6r"},{"value":3232,"label":"TP22008"}]},"featured_image_src_large":["https:\/\/ferrita.mlwebbyra.se\/wp-content\/uploads\/2023\/03\/TP22008_1.jpg",450,354,false],"author_info":[],"comment_info":0,"_links":{"self":[{"href":"https:\/\/ferrita.mlwebbyra.se\/en\/wp-json\/wp\/v2\/product\/16444","targetHints":{"allow":["GET"]}}],"collection":[{"href":"https:\/\/ferrita.mlwebbyra.se\/en\/wp-json\/wp\/v2\/product"}],"about":[{"href":"https:\/\/ferrita.mlwebbyra.se\/en\/wp-json\/wp\/v2\/types\/product"}],"replies":[{"embeddable":true,"href":"https:\/\/ferrita.mlwebbyra.se\/en\/wp-json\/wp\/v2\/comments?post=16444"}],"wp:featuredmedia":[{"embeddable":true,"href":"https:\/\/ferrita.mlwebbyra.se\/en\/wp-json\/wp\/v2\/media\/36878"}],"wp:attachment":[{"href":"https:\/\/ferrita.mlwebbyra.se\/en\/wp-json\/wp\/v2\/media?parent=16444"}],"wp:term":[{"taxonomy":"product_brand","embeddable":true,"href":"https:\/\/ferrita.mlwebbyra.se\/en\/wp-json\/wp\/v2\/product_brand?post=16444"},{"taxonomy":"product_cat","embeddable":true,"href":"https:\/\/ferrita.mlwebbyra.se\/en\/wp-json\/wp\/v2\/product_cat?post=16444"},{"taxonomy":"product_tag","embeddable":true,"href":"https:\/\/ferrita.mlwebbyra.se\/en\/wp-json\/wp\/v2\/product_tag?post=16444"}],"curies":[{"name":"wp","href":"https:\/\/api.w.org\/{rel}","templated":true}]}}