{"id":16378,"date":"2022-02-26T15:10:24","date_gmt":"2022-02-26T14:10:24","guid":{"rendered":"https:\/\/ferrita.mlwebbyra.se\/rorboj-rostfri-yd-o761mm-45-r153mm-muffad\/"},"modified":"2023-03-28T01:07:59","modified_gmt":"2023-03-27T23:07:59","slug":"rorboj-rostfri-yd-o761mm-45-r153mm-muffad","status":"publish","type":"product","link":"https:\/\/ferrita.mlwebbyra.se\/en\/rorboj-rostfri-yd-o761mm-45-r153mm-muffad\/","title":{"rendered":"R\u00f6rb\u00f6j rostfri, Yd \u00d876,1mm 45\u00b0 R=153mm Muffad"},"content":{"rendered":"<div>\n<div>\n<p><strong>Stainless Expanded Bended Pipe\u00a0\u00d876,1mm<\/strong><\/p>\n<p>45\u00b0 degree bend<\/p>\n<p>\u00a0<\/p>\n<div>Expanded with an inside measure of\u00a0<strong>76,1 mm <\/strong>on the short end<\/div>\n<p><strong>Radieus<\/strong> 153mm<\/p>\n<p><strong>Ouside Diameter: <\/strong>76,1mm<\/p>\n<p><strong>Material:<\/strong>\u00a0Stainless EN 1.4307<\/p>\n<\/div>\n<\/div>\n","protected":false},"excerpt":{"rendered":"<p>Universaldel<\/p>\n","protected":false},"featured_media":36646,"comment_status":"closed","ping_status":"closed","template":"","meta":{"_kad_blocks_custom_css":"","_kad_blocks_head_custom_js":"","_kad_blocks_body_custom_js":"","_kad_blocks_footer_custom_js":"","_kad_post_transparent":"","_kad_post_title":"","_kad_post_layout":"","_kad_post_sidebar_id":"","_kad_post_content_style":"","_kad_post_vertical_padding":"","_kad_post_feature":"","_kad_post_feature_position":"","_kad_post_header":false,"_kad_post_footer":false,"_kad_post_classname":""},"product_brand":[],"product_cat":[2550,2557,2572,2559],"product_tag":[3158,3084,3085],"class_list":{"0":"post-16378","1":"product","2":"type-product","3":"status-publish","4":"has-post-thumbnail","6":"product_cat-bended-pipes","7":"product_cat-muffed-en","8":"product_cat-o76-0-76-5mm-en","9":"product_cat-stainless-en-2","10":"product_tag-rb76145153m-en","11":"product_tag-rorboj-en","12":"product_tag-rostfri-rorboj-en","14":"first","15":"instock","16":"taxable","17":"shipping-taxable","18":"purchasable","19":"product-type-simple","20":"entry","21":"content-bg","22":"loop-entry"},"taxonomy_info":{"product_cat":[{"value":2550,"label":"Bended pipes"},{"value":2557,"label":"Muffed"},{"value":2572,"label":"\u00d876,0 - 76,5mm"},{"value":2559,"label":"Stainless"}],"product_tag":[{"value":3158,"label":"RB76145153M"},{"value":3084,"label":"r\u00f6rb\u00f6j"},{"value":3085,"label":"rostfri r\u00f6rb\u00f6j"}]},"featured_image_src_large":["https:\/\/ferrita.mlwebbyra.se\/wp-content\/uploads\/2023\/03\/RB76145153M_1.jpg",650,304,false],"author_info":[],"comment_info":0,"_links":{"self":[{"href":"https:\/\/ferrita.mlwebbyra.se\/en\/wp-json\/wp\/v2\/product\/16378","targetHints":{"allow":["GET"]}}],"collection":[{"href":"https:\/\/ferrita.mlwebbyra.se\/en\/wp-json\/wp\/v2\/product"}],"about":[{"href":"https:\/\/ferrita.mlwebbyra.se\/en\/wp-json\/wp\/v2\/types\/product"}],"replies":[{"embeddable":true,"href":"https:\/\/ferrita.mlwebbyra.se\/en\/wp-json\/wp\/v2\/comments?post=16378"}],"wp:featuredmedia":[{"embeddable":true,"href":"https:\/\/ferrita.mlwebbyra.se\/en\/wp-json\/wp\/v2\/media\/36646"}],"wp:attachment":[{"href":"https:\/\/ferrita.mlwebbyra.se\/en\/wp-json\/wp\/v2\/media?parent=16378"}],"wp:term":[{"taxonomy":"product_brand","embeddable":true,"href":"https:\/\/ferrita.mlwebbyra.se\/en\/wp-json\/wp\/v2\/product_brand?post=16378"},{"taxonomy":"product_cat","embeddable":true,"href":"https:\/\/ferrita.mlwebbyra.se\/en\/wp-json\/wp\/v2\/product_cat?post=16378"},{"taxonomy":"product_tag","embeddable":true,"href":"https:\/\/ferrita.mlwebbyra.se\/en\/wp-json\/wp\/v2\/product_tag?post=16378"}],"curies":[{"name":"wp","href":"https:\/\/api.w.org\/{rel}","templated":true}]}}