{"id":16327,"date":"2022-02-26T15:09:54","date_gmt":"2022-02-26T14:09:54","guid":{"rendered":"https:\/\/ferrita.mlwebbyra.se\/rorboj-rostfri-muffad-yd-o508mm-30-r102mm\/"},"modified":"2023-03-28T01:07:20","modified_gmt":"2023-03-27T23:07:20","slug":"rorboj-rostfri-muffad-yd-o508mm-30-r102mm","status":"publish","type":"product","link":"https:\/\/ferrita.mlwebbyra.se\/en\/rorboj-rostfri-muffad-yd-o508mm-30-r102mm\/","title":{"rendered":"R\u00f6rb\u00f6j rostfri muffad, Yd \u00d850,8mm 30\u00b0 R=102mm"},"content":{"rendered":"<div>\n<p><strong>Stainless\u00a0Expanded\u00a0Bended Pipe\u00a0\u00d850,8mm<\/strong><\/p>\n<p>30\u00b0 degree bend<\/p>\n<p>\u00a0<\/p>\n<p>Expanded in one end to so the measure is\u00a0<strong>50,8mm<\/strong> <strong>inside<\/strong><\/p>\n<p><strong>Radius:<\/strong> 102mm<\/p>\n<p><strong>Outside Diameter: <\/strong>50,8mm<\/p>\n<p><strong>Material:<\/strong>\u00a0Stainless EN 1.4307<\/p>\n<\/div>\n","protected":false},"excerpt":{"rendered":"<p>Universaldel<\/p>\n","protected":false},"featured_media":36514,"comment_status":"closed","ping_status":"closed","template":"","meta":{"_kad_blocks_custom_css":"","_kad_blocks_head_custom_js":"","_kad_blocks_body_custom_js":"","_kad_blocks_footer_custom_js":"","_kad_post_transparent":"","_kad_post_title":"","_kad_post_layout":"","_kad_post_sidebar_id":"","_kad_post_content_style":"","_kad_post_vertical_padding":"","_kad_post_feature":"","_kad_post_feature_position":"","_kad_post_header":false,"_kad_post_footer":false,"_kad_post_classname":""},"product_brand":[],"product_cat":[2550,2557,2567],"product_tag":[3107,3084,3085],"class_list":{"0":"post-16327","1":"product","2":"type-product","3":"status-publish","4":"has-post-thumbnail","6":"product_cat-bended-pipes","7":"product_cat-muffed-en","8":"product_cat-o50-53mm-en","9":"product_tag-rb50830102m-en","10":"product_tag-rorboj-en","11":"product_tag-rostfri-rorboj-en","13":"first","14":"outofstock","15":"taxable","16":"shipping-taxable","17":"purchasable","18":"product-type-simple","19":"entry","20":"content-bg","21":"loop-entry"},"taxonomy_info":{"product_cat":[{"value":2550,"label":"Bended pipes"},{"value":2557,"label":"Muffed"},{"value":2567,"label":"\u00d850-53mm"}],"product_tag":[{"value":3107,"label":"RB50830102M"},{"value":3084,"label":"r\u00f6rb\u00f6j"},{"value":3085,"label":"rostfri r\u00f6rb\u00f6j"}]},"featured_image_src_large":["https:\/\/ferrita.mlwebbyra.se\/wp-content\/uploads\/2023\/03\/RB50830102M_1.jpg",650,340,false],"author_info":[],"comment_info":0,"_links":{"self":[{"href":"https:\/\/ferrita.mlwebbyra.se\/en\/wp-json\/wp\/v2\/product\/16327","targetHints":{"allow":["GET"]}}],"collection":[{"href":"https:\/\/ferrita.mlwebbyra.se\/en\/wp-json\/wp\/v2\/product"}],"about":[{"href":"https:\/\/ferrita.mlwebbyra.se\/en\/wp-json\/wp\/v2\/types\/product"}],"replies":[{"embeddable":true,"href":"https:\/\/ferrita.mlwebbyra.se\/en\/wp-json\/wp\/v2\/comments?post=16327"}],"wp:featuredmedia":[{"embeddable":true,"href":"https:\/\/ferrita.mlwebbyra.se\/en\/wp-json\/wp\/v2\/media\/36514"}],"wp:attachment":[{"href":"https:\/\/ferrita.mlwebbyra.se\/en\/wp-json\/wp\/v2\/media?parent=16327"}],"wp:term":[{"taxonomy":"product_brand","embeddable":true,"href":"https:\/\/ferrita.mlwebbyra.se\/en\/wp-json\/wp\/v2\/product_brand?post=16327"},{"taxonomy":"product_cat","embeddable":true,"href":"https:\/\/ferrita.mlwebbyra.se\/en\/wp-json\/wp\/v2\/product_cat?post=16327"},{"taxonomy":"product_tag","embeddable":true,"href":"https:\/\/ferrita.mlwebbyra.se\/en\/wp-json\/wp\/v2\/product_tag?post=16327"}],"curies":[{"name":"wp","href":"https:\/\/api.w.org\/{rel}","templated":true}]}}