{"id":16312,"date":"2022-02-26T15:09:39","date_gmt":"2022-02-26T14:09:39","guid":{"rendered":"https:\/\/ferrita.mlwebbyra.se\/rorboj-rostfri-yd-o320mm-90-r50mm\/"},"modified":"2023-03-28T01:07:02","modified_gmt":"2023-03-27T23:07:02","slug":"rorboj-rostfri-yd-o320mm-90-r50mm","status":"publish","type":"product","link":"https:\/\/ferrita.mlwebbyra.se\/en\/rorboj-rostfri-yd-o320mm-90-r50mm\/","title":{"rendered":"R\u00f6rb\u00f6j rostfri, Yd \u00d832,0mm 90\u00b0 R=50mm"},"content":{"rendered":"<p><strong>Stainless bended Pipe\u00a0\u00d832,0mm<\/strong><\/p>\n<p>90\u00b0 degree bend<\/p>\n<p>\u00a0<\/p>\n<p><strong>Radius:<\/strong> 50mm<\/p>\n<p><strong>Length:<\/strong> 250mm<\/p>\n<p><strong>Width<\/strong>\u00a032mm<\/p>\n<p><strong>Height:<\/strong> 32mm<\/p>\n<p><strong>Material:<\/strong> Stainless EN 1.4307<\/p>\n<p><strong>Material thickness:<\/strong> 1,5mm<\/p>\n","protected":false},"excerpt":{"rendered":"<p>Universaldel<\/p>\n","protected":false},"featured_media":36450,"comment_status":"closed","ping_status":"closed","template":"","meta":{"_kad_blocks_custom_css":"","_kad_blocks_head_custom_js":"","_kad_blocks_body_custom_js":"","_kad_blocks_footer_custom_js":"","_kad_post_transparent":"","_kad_post_title":"","_kad_post_layout":"","_kad_post_sidebar_id":"","_kad_post_content_style":"","_kad_post_vertical_padding":"","_kad_post_feature":"","_kad_post_feature_position":"","_kad_post_header":false,"_kad_post_footer":false,"_kad_post_classname":""},"product_brand":[],"product_cat":[2550,2562,2559],"product_tag":[3092,3084,3085],"class_list":{"0":"post-16312","1":"product","2":"type-product","3":"status-publish","4":"has-post-thumbnail","6":"product_cat-bended-pipes","7":"product_cat-o32-0mm-en","8":"product_cat-stainless-en-2","9":"product_tag-rb3209050-en","10":"product_tag-rorboj-en","11":"product_tag-rostfri-rorboj-en","13":"first","14":"instock","15":"taxable","16":"shipping-taxable","17":"purchasable","18":"product-type-simple","19":"entry","20":"content-bg","21":"loop-entry"},"taxonomy_info":{"product_cat":[{"value":2550,"label":"Bended pipes"},{"value":2562,"label":"\u00d832,0mm"},{"value":2559,"label":"Stainless"}],"product_tag":[{"value":3092,"label":"RB3209050"},{"value":3084,"label":"r\u00f6rb\u00f6j"},{"value":3085,"label":"rostfri r\u00f6rb\u00f6j"}]},"featured_image_src_large":["https:\/\/ferrita.mlwebbyra.se\/wp-content\/uploads\/2023\/03\/RB3209050_1.jpg",600,704,false],"author_info":[],"comment_info":0,"_links":{"self":[{"href":"https:\/\/ferrita.mlwebbyra.se\/en\/wp-json\/wp\/v2\/product\/16312","targetHints":{"allow":["GET"]}}],"collection":[{"href":"https:\/\/ferrita.mlwebbyra.se\/en\/wp-json\/wp\/v2\/product"}],"about":[{"href":"https:\/\/ferrita.mlwebbyra.se\/en\/wp-json\/wp\/v2\/types\/product"}],"replies":[{"embeddable":true,"href":"https:\/\/ferrita.mlwebbyra.se\/en\/wp-json\/wp\/v2\/comments?post=16312"}],"wp:featuredmedia":[{"embeddable":true,"href":"https:\/\/ferrita.mlwebbyra.se\/en\/wp-json\/wp\/v2\/media\/36450"}],"wp:attachment":[{"href":"https:\/\/ferrita.mlwebbyra.se\/en\/wp-json\/wp\/v2\/media?parent=16312"}],"wp:term":[{"taxonomy":"product_brand","embeddable":true,"href":"https:\/\/ferrita.mlwebbyra.se\/en\/wp-json\/wp\/v2\/product_brand?post=16312"},{"taxonomy":"product_cat","embeddable":true,"href":"https:\/\/ferrita.mlwebbyra.se\/en\/wp-json\/wp\/v2\/product_cat?post=16312"},{"taxonomy":"product_tag","embeddable":true,"href":"https:\/\/ferrita.mlwebbyra.se\/en\/wp-json\/wp\/v2\/product_tag?post=16312"}],"curies":[{"name":"wp","href":"https:\/\/api.w.org\/{rel}","templated":true}]}}