{"id":16298,"date":"2022-05-11T11:37:18","date_gmt":"2022-05-11T09:37:18","guid":{"rendered":"https:\/\/ferrita.mlwebbyra.se\/rostfritt-ror-o761-x-12mm-l1000mm-muffat-i-ena-anden\/"},"modified":"2023-03-28T01:06:43","modified_gmt":"2023-03-27T23:06:43","slug":"rostfritt-ror-o761-x-12mm-l1000mm-muffat-i-ena-anden","status":"publish","type":"product","link":"https:\/\/ferrita.mlwebbyra.se\/en\/rostfritt-ror-o761-x-12mm-l1000mm-muffat-i-ena-anden\/","title":{"rendered":"Rostfritt r\u00f6r \u00d876,1 x 1,2mm L=1000mm Muffat i ena \u00e4nden"},"content":{"rendered":"<p>div {font: x-small arial}<\/p>\n<p><DIV>Light weight pipe 1,2mm L 1000mm expanded in one<br \/>\nend.<\/DIV><\/p>\n","protected":false},"excerpt":{"rendered":"<p>Universaldel Sport<\/p>\n","protected":false},"featured_media":36398,"comment_status":"closed","ping_status":"closed","template":"","meta":{"_kad_blocks_custom_css":"","_kad_blocks_head_custom_js":"","_kad_blocks_body_custom_js":"","_kad_blocks_footer_custom_js":"","_kad_post_transparent":"","_kad_post_title":"","_kad_post_layout":"","_kad_post_sidebar_id":"","_kad_post_content_style":"","_kad_post_vertical_padding":"","_kad_post_feature":"","_kad_post_feature_position":"","_kad_post_header":false,"_kad_post_footer":false,"_kad_post_classname":""},"product_brand":[],"product_cat":[1452,1453,2527,2540,92],"product_tag":[1454,3078,1455],"class_list":{"0":"post-16298","1":"product","2":"type-product","3":"status-publish","4":"has-post-thumbnail","6":"product_cat-pipe","7":"product_cat-stainless-pipes","8":"product_cat-muffed","9":"product_cat-o75-80mm-en","10":"product_cat-spare-and-products-services","11":"product_tag-pipe","12":"product_tag-r76100012-en","13":"product_tag-stainless-pipe","15":"first","16":"outofstock","17":"taxable","18":"shipping-taxable","19":"purchasable","20":"product-type-simple","21":"entry","22":"content-bg","23":"loop-entry"},"taxonomy_info":{"product_cat":[{"value":1452,"label":"Pipe"},{"value":1453,"label":"Stainless pipes"},{"value":2527,"label":"Muffed"},{"value":2540,"label":"\u00d875-80mm"},{"value":92,"label":"SPARE AND PRODUCTS SERVICES"}],"product_tag":[{"value":1454,"label":"pipe"},{"value":3078,"label":"R76100012"},{"value":1455,"label":"stainless pipe"}]},"featured_image_src_large":["https:\/\/ferrita.mlwebbyra.se\/wp-content\/uploads\/2023\/03\/R76100012_1.jpg",600,122,false],"author_info":[],"comment_info":0,"_links":{"self":[{"href":"https:\/\/ferrita.mlwebbyra.se\/en\/wp-json\/wp\/v2\/product\/16298","targetHints":{"allow":["GET"]}}],"collection":[{"href":"https:\/\/ferrita.mlwebbyra.se\/en\/wp-json\/wp\/v2\/product"}],"about":[{"href":"https:\/\/ferrita.mlwebbyra.se\/en\/wp-json\/wp\/v2\/types\/product"}],"replies":[{"embeddable":true,"href":"https:\/\/ferrita.mlwebbyra.se\/en\/wp-json\/wp\/v2\/comments?post=16298"}],"wp:featuredmedia":[{"embeddable":true,"href":"https:\/\/ferrita.mlwebbyra.se\/en\/wp-json\/wp\/v2\/media\/36398"}],"wp:attachment":[{"href":"https:\/\/ferrita.mlwebbyra.se\/en\/wp-json\/wp\/v2\/media?parent=16298"}],"wp:term":[{"taxonomy":"product_brand","embeddable":true,"href":"https:\/\/ferrita.mlwebbyra.se\/en\/wp-json\/wp\/v2\/product_brand?post=16298"},{"taxonomy":"product_cat","embeddable":true,"href":"https:\/\/ferrita.mlwebbyra.se\/en\/wp-json\/wp\/v2\/product_cat?post=16298"},{"taxonomy":"product_tag","embeddable":true,"href":"https:\/\/ferrita.mlwebbyra.se\/en\/wp-json\/wp\/v2\/product_tag?post=16298"}],"curies":[{"name":"wp","href":"https:\/\/api.w.org\/{rel}","templated":true}]}}