{"id":16256,"date":"2022-05-09T14:59:58","date_gmt":"2022-05-09T12:59:58","guid":{"rendered":"https:\/\/ferrita.mlwebbyra.se\/porsche-991-gt3-rs-520hk-med-opf\/"},"modified":"2023-03-28T01:06:03","modified_gmt":"2023-03-27T23:06:03","slug":"porsche-991-gt3-rs-520hk-med-opf","status":"publish","type":"product","link":"https:\/\/ferrita.mlwebbyra.se\/en\/porsche-991-gt3-rs-520hk-med-opf\/","title":{"rendered":"Porsche 991 GT3 RS 520Hk med OPF"},"content":{"rendered":"<p><span lang=\"sv\"><span class=\"hps\"><strong>Stainless Tailpipes<\/strong>\u00a04&#8243;<\/span><\/span><\/p>\n<p><span lang=\"sv\"><span class=\"hps\">Easy to mount.\u00a0Reduce sound level:\u00a0-3-5db<\/span><\/span><\/p>\n<p><strong>\u00a0<\/strong><\/p>\n<p><strong>Passar till:<\/strong><\/p>\n<p>Porsche 911 (991) 4.0 GT3 RS 520Hp\u00a0with OPF. <strong>Year:<\/strong> 5\/18-\u00a0<\/p>\n<p><span lang=\"sv\"><span class=\"hps\">Does also fits original muffler<\/span><\/span><\/p>\n<p>\u00a0<\/p>\n<p>\u00a0<\/p>\n<p><span lang=\"sv\"><span class=\"hps\"><strong>Weight:<\/strong> 2.3kg<\/span><\/span><\/p>\n<p><span lang=\"sv\"><span class=\"hps\"><strong>Material:<\/strong> EN1.4301\u00a0<\/span><\/span><\/p>\n<p><strong>Dimension:<\/strong> 2 x 101,6mm = 4&#8243; Outside diameter<\/p>\n<p><span lang=\"sv\"><span class=\"hps\">Hand made i matte stainless steel<\/span>\u00a0with adjustable plate.<\/span><\/p>\n<p>Round<span class=\"hps\">\u00a0with e-glass filling to reduce the sound level with\u00a0about 3-5db without doing anything with the car.<\/span><\/p>\n","protected":false},"excerpt":{"rendered":"<p>Rostfria ljudd\u00e4mpande \u00e4ndr\u00f6r<\/p>\n","protected":false},"featured_media":36268,"comment_status":"closed","ping_status":"closed","template":"","meta":{"_kad_blocks_custom_css":"","_kad_blocks_head_custom_js":"","_kad_blocks_body_custom_js":"","_kad_blocks_footer_custom_js":"","_kad_post_transparent":"default","_kad_post_title":"","_kad_post_layout":"default","_kad_post_sidebar_id":"","_kad_post_content_style":"default","_kad_post_vertical_padding":"default","_kad_post_feature":"","_kad_post_feature_position":"","_kad_post_header":false,"_kad_post_footer":false,"_kad_post_classname":""},"product_brand":[],"product_cat":[2370,2369],"product_tag":[3043,3024],"class_list":{"0":"post-16256","1":"product","2":"type-product","3":"status-publish","4":"has-post-thumbnail","6":"product_cat-911-en","7":"product_cat-porsche-en","8":"product_tag-pok9913521s-en","9":"product_tag-porsche-en","11":"first","12":"onbackorder","13":"taxable","14":"shipping-taxable","15":"purchasable","16":"product-type-simple","17":"entry","18":"content-bg","19":"loop-entry"},"taxonomy_info":{"product_cat":[{"value":2370,"label":"911"},{"value":2369,"label":"Porsche"}],"product_tag":[{"value":3043,"label":"POK9913521S"},{"value":3024,"label":"porsche"}]},"featured_image_src_large":["https:\/\/ferrita.mlwebbyra.se\/wp-content\/uploads\/2023\/03\/POK9913521S_1.jpg",750,584,false],"author_info":[],"comment_info":0,"_links":{"self":[{"href":"https:\/\/ferrita.mlwebbyra.se\/en\/wp-json\/wp\/v2\/product\/16256","targetHints":{"allow":["GET"]}}],"collection":[{"href":"https:\/\/ferrita.mlwebbyra.se\/en\/wp-json\/wp\/v2\/product"}],"about":[{"href":"https:\/\/ferrita.mlwebbyra.se\/en\/wp-json\/wp\/v2\/types\/product"}],"replies":[{"embeddable":true,"href":"https:\/\/ferrita.mlwebbyra.se\/en\/wp-json\/wp\/v2\/comments?post=16256"}],"wp:featuredmedia":[{"embeddable":true,"href":"https:\/\/ferrita.mlwebbyra.se\/en\/wp-json\/wp\/v2\/media\/36268"}],"wp:attachment":[{"href":"https:\/\/ferrita.mlwebbyra.se\/en\/wp-json\/wp\/v2\/media?parent=16256"}],"wp:term":[{"taxonomy":"product_brand","embeddable":true,"href":"https:\/\/ferrita.mlwebbyra.se\/en\/wp-json\/wp\/v2\/product_brand?post=16256"},{"taxonomy":"product_cat","embeddable":true,"href":"https:\/\/ferrita.mlwebbyra.se\/en\/wp-json\/wp\/v2\/product_cat?post=16256"},{"taxonomy":"product_tag","embeddable":true,"href":"https:\/\/ferrita.mlwebbyra.se\/en\/wp-json\/wp\/v2\/product_tag?post=16256"}],"curies":[{"name":"wp","href":"https:\/\/api.w.org\/{rel}","templated":true}]}}