{"id":16212,"date":"2022-10-20T08:40:26","date_gmt":"2022-10-20T06:40:26","guid":{"rendered":"https:\/\/ferrita.mlwebbyra.se\/mercedes-amg-cls53-c257-e53-c238-gle53-v167-gt53-x290-2\/"},"modified":"2023-03-28T01:05:24","modified_gmt":"2023-03-27T23:05:24","slug":"mercedes-amg-cls53-c257-e53-c238-gle53-v167-gt53-x290-2","status":"publish","type":"product","link":"https:\/\/ferrita.mlwebbyra.se\/en\/mercedes-amg-cls53-c257-e53-c238-gle53-v167-gt53-x290-2\/","title":{"rendered":"Mercedes AMG CLS53 (C257), E53 (C238), GLE53 (V167), GT53 (X290)"},"content":{"rendered":"<p><strong>High Performance<\/strong><\/p>\n<p><strong>Stainless steel downpipe<\/strong><\/p>\n<p><strong>Replace catalytic converter<\/strong><\/p>\n<p>\u00a0<\/p>\n<p><strong>Fits to: <\/strong><\/p>\n<p><strong>Mercedes Benz AMG<\/strong><\/p>\n<p><strong>Engine: M256.930<\/strong><\/p>\n<p>\u2022 CLS 53 Coup\u00e9 (C257), 435Hp. My: 5\/18-<\/p>\n<p>\u2022 E 53 Coup\u00e9 (C238), 435Hp. My: 5\/18-<\/p>\n<p>\u2022 GLE 53 SUV (V167), 435Hp. My: 4\/19-<\/p>\n<p>\u2022 GT 53 Coup\u00e9 (X290), 435Hp. My: 9\/18-\u00a0<\/p>\n<p>\u00a0<\/p>\n<p dir=\"LTR\"><strong>Note<\/strong>:<\/p>\n<p dir=\"LTR\">When installing this product, engine software must be adjusted accordingly<\/p>\n<p dir=\"LTR\">Without T\u00dcV-approval<\/p>\n<p dir=\"LTR\">Price SEK incl. Swedish VAT, for net price take .\/.20%<\/p>\n","protected":false},"excerpt":{"rendered":"<p>Rostfritt ers\u00e4ttningsr\u00f6r f\u00f6r katalysator<\/p>\n","protected":false},"featured_media":36120,"comment_status":"open","ping_status":"closed","template":"","meta":{"_kad_blocks_custom_css":"","_kad_blocks_head_custom_js":"","_kad_blocks_body_custom_js":"","_kad_blocks_footer_custom_js":"","_kad_post_transparent":"default","_kad_post_title":"","_kad_post_layout":"default","_kad_post_sidebar_id":"","_kad_post_content_style":"default","_kad_post_vertical_padding":"default","_kad_post_feature":"","_kad_post_feature_position":"","_kad_post_header":false,"_kad_post_footer":false,"_kad_post_classname":""},"product_brand":[],"product_cat":[2336,2337,2341,2347],"product_tag":[],"class_list":{"0":"post-16212","1":"product","2":"type-product","3":"status-publish","4":"has-post-thumbnail","6":"product_cat-cls53-en","7":"product_cat-e53-en","8":"product_cat-gle53-en","9":"product_cat-gt53-en","11":"first","12":"instock","13":"taxable","14":"shipping-taxable","15":"purchasable","16":"product-type-simple","17":"entry","18":"content-bg","19":"loop-entry"},"taxonomy_info":{"product_cat":[{"value":2336,"label":"CLS53"},{"value":2337,"label":"E53"},{"value":2341,"label":"GLE53"},{"value":2347,"label":"GT53"}]},"featured_image_src_large":["https:\/\/ferrita.mlwebbyra.se\/wp-content\/uploads\/2023\/03\/MBK63010SU_1.jpg",750,543,false],"author_info":[],"comment_info":0,"_links":{"self":[{"href":"https:\/\/ferrita.mlwebbyra.se\/en\/wp-json\/wp\/v2\/product\/16212","targetHints":{"allow":["GET"]}}],"collection":[{"href":"https:\/\/ferrita.mlwebbyra.se\/en\/wp-json\/wp\/v2\/product"}],"about":[{"href":"https:\/\/ferrita.mlwebbyra.se\/en\/wp-json\/wp\/v2\/types\/product"}],"replies":[{"embeddable":true,"href":"https:\/\/ferrita.mlwebbyra.se\/en\/wp-json\/wp\/v2\/comments?post=16212"}],"wp:featuredmedia":[{"embeddable":true,"href":"https:\/\/ferrita.mlwebbyra.se\/en\/wp-json\/wp\/v2\/media\/36120"}],"wp:attachment":[{"href":"https:\/\/ferrita.mlwebbyra.se\/en\/wp-json\/wp\/v2\/media?parent=16212"}],"wp:term":[{"taxonomy":"product_brand","embeddable":true,"href":"https:\/\/ferrita.mlwebbyra.se\/en\/wp-json\/wp\/v2\/product_brand?post=16212"},{"taxonomy":"product_cat","embeddable":true,"href":"https:\/\/ferrita.mlwebbyra.se\/en\/wp-json\/wp\/v2\/product_cat?post=16212"},{"taxonomy":"product_tag","embeddable":true,"href":"https:\/\/ferrita.mlwebbyra.se\/en\/wp-json\/wp\/v2\/product_tag?post=16212"}],"curies":[{"name":"wp","href":"https:\/\/api.w.org\/{rel}","templated":true}]}}