{"id":16195,"date":"2022-02-24T09:47:06","date_gmt":"2022-02-24T08:47:06","guid":{"rendered":"https:\/\/ferrita.mlwebbyra.se\/forlangningsror-rostfri-med-katalysator-for-lambdasond-m18x15mm\/"},"modified":"2023-03-28T01:04:29","modified_gmt":"2023-03-27T23:04:29","slug":"forlangningsror-rostfri-med-katalysator-for-lambdasond-m18x15mm","status":"publish","type":"product","link":"https:\/\/ferrita.mlwebbyra.se\/en\/forlangningsror-rostfri-med-katalysator-for-lambdasond-m18x15mm\/","title":{"rendered":"F\u00f6rl\u00e4ngningsr\u00f6r Rostfri med katalysator f\u00f6r lambdasond M18x1,5mm"},"content":{"rendered":"<div><strong>Stainless Steel Lambda Sensor Converter<\/strong><\/div>\n<div>300CPSi. M18x1,5mm<\/div>\n<div><\/div>\n<div>Metal substrate\u00a0suitable for any petrol engines<\/div>\n<div><\/div>\n<div>\n<div><strong>Diameter:<\/strong> 30mm<\/div>\n<\/div>\n<div><strong>Length:<\/strong> 60mm<\/div>\n<div><strong>Bredd: <\/strong>30mm<\/div>\n<div><strong>H\u00f6jd: <\/strong>\ufeff30mm<\/div>\n<div><\/div>\n","protected":false},"excerpt":{"rendered":"<p>Universaldel<\/p>\n","protected":false},"featured_media":35920,"comment_status":"closed","ping_status":"closed","template":"","meta":{"_kad_blocks_custom_css":"","_kad_blocks_head_custom_js":"","_kad_blocks_body_custom_js":"","_kad_blocks_footer_custom_js":"","_kad_post_transparent":"","_kad_post_title":"","_kad_post_layout":"","_kad_post_sidebar_id":"","_kad_post_content_style":"","_kad_post_vertical_padding":"","_kad_post_feature":"","_kad_post_feature_position":"","_kad_post_header":false,"_kad_post_footer":false,"_kad_post_classname":""},"product_brand":[],"product_cat":[2493,92],"product_tag":[2970,2971,2979,2972],"class_list":{"0":"post-16195","1":"product","2":"type-product","3":"status-publish","4":"has-post-thumbnail","6":"product_cat-lambda-en","7":"product_cat-spare-and-products-services","8":"product_tag-lambda-en","9":"product_tag-lambdasond-en","10":"product_tag-lambdk-004-en","11":"product_tag-rostfri-lambda-en","13":"first","14":"instock","15":"taxable","16":"shipping-taxable","17":"purchasable","18":"product-type-simple","19":"entry","20":"content-bg","21":"loop-entry"},"taxonomy_info":{"product_cat":[{"value":2493,"label":"Lambda"},{"value":92,"label":"SPARE AND PRODUCTS SERVICES"}],"product_tag":[{"value":2970,"label":"lambda"},{"value":2971,"label":"lambdasond"},{"value":2979,"label":"LAMBDK-004"},{"value":2972,"label":"rostfri lambda"}]},"featured_image_src_large":["https:\/\/ferrita.mlwebbyra.se\/wp-content\/uploads\/2023\/03\/LAMBDK-004_1.jpg",800,504,false],"author_info":[],"comment_info":0,"_links":{"self":[{"href":"https:\/\/ferrita.mlwebbyra.se\/en\/wp-json\/wp\/v2\/product\/16195","targetHints":{"allow":["GET"]}}],"collection":[{"href":"https:\/\/ferrita.mlwebbyra.se\/en\/wp-json\/wp\/v2\/product"}],"about":[{"href":"https:\/\/ferrita.mlwebbyra.se\/en\/wp-json\/wp\/v2\/types\/product"}],"replies":[{"embeddable":true,"href":"https:\/\/ferrita.mlwebbyra.se\/en\/wp-json\/wp\/v2\/comments?post=16195"}],"wp:featuredmedia":[{"embeddable":true,"href":"https:\/\/ferrita.mlwebbyra.se\/en\/wp-json\/wp\/v2\/media\/35920"}],"wp:attachment":[{"href":"https:\/\/ferrita.mlwebbyra.se\/en\/wp-json\/wp\/v2\/media?parent=16195"}],"wp:term":[{"taxonomy":"product_brand","embeddable":true,"href":"https:\/\/ferrita.mlwebbyra.se\/en\/wp-json\/wp\/v2\/product_brand?post=16195"},{"taxonomy":"product_cat","embeddable":true,"href":"https:\/\/ferrita.mlwebbyra.se\/en\/wp-json\/wp\/v2\/product_cat?post=16195"},{"taxonomy":"product_tag","embeddable":true,"href":"https:\/\/ferrita.mlwebbyra.se\/en\/wp-json\/wp\/v2\/product_tag?post=16195"}],"curies":[{"name":"wp","href":"https:\/\/api.w.org\/{rel}","templated":true}]}}