{"id":16158,"date":"2022-03-10T10:42:51","date_gmt":"2022-03-10T09:42:51","guid":{"rendered":"https:\/\/ferrita.mlwebbyra.se\/flexibel-rostfri-flatad-avgasbalg-id-o90mm\/"},"modified":"2023-03-28T01:03:38","modified_gmt":"2023-03-27T23:03:38","slug":"flexibel-rostfri-flatad-avgasbalg-id-o90mm","status":"publish","type":"product","link":"https:\/\/ferrita.mlwebbyra.se\/en\/flexibel-rostfri-flatad-avgasbalg-id-o90mm\/","title":{"rendered":"Flexibel Rostfri fl\u00e4tad avgasb\u00e4lg Id. \u00d890mm"},"content":{"rendered":"<p>div {font: x-small &#8220;arial&#8221;}<\/p>\n<p><DIV>Stainless steel Flextube EN1.4301<\/DIV><br \/>\n<DIV>Inner Dim \u00d890mm <\/DIV><br \/>\n<DIV>Length 200mm<\/DIV><\/p>\n","protected":false},"excerpt":{"rendered":"<p>Universaldel<\/p>\n","protected":false},"featured_media":35714,"comment_status":"closed","ping_status":"closed","template":"","meta":{"_kad_blocks_custom_css":"","_kad_blocks_head_custom_js":"","_kad_blocks_body_custom_js":"","_kad_blocks_footer_custom_js":"","_kad_post_transparent":"","_kad_post_title":"","_kad_post_layout":"","_kad_post_sidebar_id":"","_kad_post_content_style":"","_kad_post_vertical_padding":"","_kad_post_feature":"","_kad_post_feature_position":"","_kad_post_header":false,"_kad_post_footer":false,"_kad_post_classname":""},"product_brand":[],"product_cat":[2403,2402,2413,92],"product_tag":[2912,2913,2931,2915],"class_list":{"0":"post-16158","1":"product","2":"type-product","3":"status-publish","4":"has-post-thumbnail","6":"product_cat-braided","7":"product_cat-flexible-bellows","8":"product_cat-id-o90mm-en-2","9":"product_cat-spare-and-products-services","10":"product_tag-balg-en","11":"product_tag-flexibel-balg-en","12":"product_tag-flx90200-en","13":"product_tag-rostfri-flexbalg-en","15":"first","16":"instock","17":"taxable","18":"shipping-taxable","19":"purchasable","20":"product-type-simple","21":"entry","22":"content-bg","23":"loop-entry"},"taxonomy_info":{"product_cat":[{"value":2403,"label":"Braided"},{"value":2402,"label":"Flexible bellows"},{"value":2413,"label":"Id \u00d890mm"},{"value":92,"label":"SPARE AND PRODUCTS SERVICES"}],"product_tag":[{"value":2912,"label":"b\u00e4lg"},{"value":2913,"label":"flexibel b\u00e4lg"},{"value":2931,"label":"FLX90200"},{"value":2915,"label":"rostfri flexb\u00e4lg"}]},"featured_image_src_large":["https:\/\/ferrita.mlwebbyra.se\/wp-content\/uploads\/2023\/03\/FLX90200_1.jpg",447,582,false],"author_info":[],"comment_info":0,"_links":{"self":[{"href":"https:\/\/ferrita.mlwebbyra.se\/en\/wp-json\/wp\/v2\/product\/16158","targetHints":{"allow":["GET"]}}],"collection":[{"href":"https:\/\/ferrita.mlwebbyra.se\/en\/wp-json\/wp\/v2\/product"}],"about":[{"href":"https:\/\/ferrita.mlwebbyra.se\/en\/wp-json\/wp\/v2\/types\/product"}],"replies":[{"embeddable":true,"href":"https:\/\/ferrita.mlwebbyra.se\/en\/wp-json\/wp\/v2\/comments?post=16158"}],"wp:featuredmedia":[{"embeddable":true,"href":"https:\/\/ferrita.mlwebbyra.se\/en\/wp-json\/wp\/v2\/media\/35714"}],"wp:attachment":[{"href":"https:\/\/ferrita.mlwebbyra.se\/en\/wp-json\/wp\/v2\/media?parent=16158"}],"wp:term":[{"taxonomy":"product_brand","embeddable":true,"href":"https:\/\/ferrita.mlwebbyra.se\/en\/wp-json\/wp\/v2\/product_brand?post=16158"},{"taxonomy":"product_cat","embeddable":true,"href":"https:\/\/ferrita.mlwebbyra.se\/en\/wp-json\/wp\/v2\/product_cat?post=16158"},{"taxonomy":"product_tag","embeddable":true,"href":"https:\/\/ferrita.mlwebbyra.se\/en\/wp-json\/wp\/v2\/product_tag?post=16158"}],"curies":[{"name":"wp","href":"https:\/\/api.w.org\/{rel}","templated":true}]}}