{"id":16153,"date":"2022-03-10T10:42:48","date_gmt":"2022-03-10T09:42:48","guid":{"rendered":"https:\/\/ferrita.mlwebbyra.se\/flexibel-rostfri-flatat-avgasbalg-id-o55mm\/"},"modified":"2023-03-28T01:03:32","modified_gmt":"2023-03-27T23:03:32","slug":"flexibel-rostfri-flatat-avgasbalg-id-o55mm","status":"publish","type":"product","link":"https:\/\/ferrita.mlwebbyra.se\/en\/flexibel-rostfri-flatat-avgasbalg-id-o55mm\/","title":{"rendered":"Flexibel Rostfri fl\u00e4tat avgasb\u00e4lg Id. \u00d855mm"},"content":{"rendered":"<p>div {font: x-small arial}<\/p>\n<p><DIV><STRONG>     Stainless steel Flextube EN<br \/>\n1.4301<\/STRONG><\/DIV><br \/>\n<DIV><STRONG>Interlock\u00a0<\/STRONG><\/DIV><br \/>\n<DIV><STRONG>Inner Dim. \u00d8 55mm\u00a0<\/STRONG><\/DIV><br \/>\n<DIV><STRONG>Length 102mm<\/STRONG><\/DIV><\/p>\n","protected":false},"excerpt":{"rendered":"<p>Universaldel<\/p>\n","protected":false},"featured_media":35692,"comment_status":"closed","ping_status":"closed","template":"","meta":{"_kad_blocks_custom_css":"","_kad_blocks_head_custom_js":"","_kad_blocks_body_custom_js":"","_kad_blocks_footer_custom_js":"","_kad_post_transparent":"","_kad_post_title":"","_kad_post_layout":"","_kad_post_sidebar_id":"","_kad_post_content_style":"","_kad_post_vertical_padding":"","_kad_post_feature":"","_kad_post_feature_position":"","_kad_post_header":false,"_kad_post_footer":false,"_kad_post_classname":""},"product_brand":[],"product_cat":[2403,2402,2407,2408,92],"product_tag":[2912,2913,2926,2915],"class_list":{"0":"post-16153","1":"product","2":"type-product","3":"status-publish","4":"has-post-thumbnail","6":"product_cat-braided","7":"product_cat-flexible-bellows","8":"product_cat-id-o50-55mm-en","9":"product_cat-id-o55mm-en-2","10":"product_cat-spare-and-products-services","11":"product_tag-balg-en","12":"product_tag-flexibel-balg-en","13":"product_tag-flx55105-en","14":"product_tag-rostfri-flexbalg-en","16":"first","17":"instock","18":"taxable","19":"shipping-taxable","20":"purchasable","21":"product-type-simple","22":"entry","23":"content-bg","24":"loop-entry"},"taxonomy_info":{"product_cat":[{"value":2403,"label":"Braided"},{"value":2402,"label":"Flexible bellows"},{"value":2407,"label":"Id \u00d850-55mm"},{"value":2408,"label":"Id \u00d855mm"},{"value":92,"label":"SPARE AND PRODUCTS SERVICES"}],"product_tag":[{"value":2912,"label":"b\u00e4lg"},{"value":2913,"label":"flexibel b\u00e4lg"},{"value":2926,"label":"FLX55105"},{"value":2915,"label":"rostfri flexb\u00e4lg"}]},"featured_image_src_large":["https:\/\/ferrita.mlwebbyra.se\/wp-content\/uploads\/2023\/03\/FLX55105_1.jpg",700,688,false],"author_info":[],"comment_info":0,"_links":{"self":[{"href":"https:\/\/ferrita.mlwebbyra.se\/en\/wp-json\/wp\/v2\/product\/16153","targetHints":{"allow":["GET"]}}],"collection":[{"href":"https:\/\/ferrita.mlwebbyra.se\/en\/wp-json\/wp\/v2\/product"}],"about":[{"href":"https:\/\/ferrita.mlwebbyra.se\/en\/wp-json\/wp\/v2\/types\/product"}],"replies":[{"embeddable":true,"href":"https:\/\/ferrita.mlwebbyra.se\/en\/wp-json\/wp\/v2\/comments?post=16153"}],"wp:featuredmedia":[{"embeddable":true,"href":"https:\/\/ferrita.mlwebbyra.se\/en\/wp-json\/wp\/v2\/media\/35692"}],"wp:attachment":[{"href":"https:\/\/ferrita.mlwebbyra.se\/en\/wp-json\/wp\/v2\/media?parent=16153"}],"wp:term":[{"taxonomy":"product_brand","embeddable":true,"href":"https:\/\/ferrita.mlwebbyra.se\/en\/wp-json\/wp\/v2\/product_brand?post=16153"},{"taxonomy":"product_cat","embeddable":true,"href":"https:\/\/ferrita.mlwebbyra.se\/en\/wp-json\/wp\/v2\/product_cat?post=16153"},{"taxonomy":"product_tag","embeddable":true,"href":"https:\/\/ferrita.mlwebbyra.se\/en\/wp-json\/wp\/v2\/product_tag?post=16153"}],"curies":[{"name":"wp","href":"https:\/\/api.w.org\/{rel}","templated":true}]}}