{"id":16150,"date":"2022-03-10T10:42:46","date_gmt":"2022-03-10T09:42:46","guid":{"rendered":"https:\/\/ferrita.mlwebbyra.se\/flexibel-rostfri-flatad-avgasbalg-id-o45mm-3\/"},"modified":"2023-03-28T01:03:30","modified_gmt":"2023-03-27T23:03:30","slug":"flexibel-rostfri-flatad-avgasbalg-id-o45mm-3","status":"publish","type":"product","link":"https:\/\/ferrita.mlwebbyra.se\/en\/flexibel-rostfri-flatad-avgasbalg-id-o45mm-3\/","title":{"rendered":"Flexibel Rostfri fl\u00e4tad avgasb\u00e4lg Id. \u00d845mm"},"content":{"rendered":"<p>div {font: x-small arial}<\/p>\n<p><DIV><STRONG>      Stainless steel Flextube EN<br \/>\n1.4301<\/STRONG><\/DIV><br \/>\n<DIV><STRONG>Interlock\u00a0innedim. \u00d8 45 mm <\/STRONG><\/DIV><br \/>\n<DIV><STRONG>Length 94\u00a0mm<\/STRONG><\/DIV><\/p>\n","protected":false},"excerpt":{"rendered":"<p>Universaldel<\/p>\n","protected":false},"featured_media":35684,"comment_status":"closed","ping_status":"closed","template":"","meta":{"_kad_blocks_custom_css":"","_kad_blocks_head_custom_js":"","_kad_blocks_body_custom_js":"","_kad_blocks_footer_custom_js":"","_kad_post_transparent":"","_kad_post_title":"","_kad_post_layout":"","_kad_post_sidebar_id":"","_kad_post_content_style":"","_kad_post_vertical_padding":"","_kad_post_feature":"","_kad_post_feature_position":"","_kad_post_header":false,"_kad_post_footer":false,"_kad_post_classname":""},"product_brand":[],"product_cat":[2403,2402,2406,92],"product_tag":[2912,2913,2923,2915],"class_list":{"0":"post-16150","1":"product","2":"type-product","3":"status-publish","4":"has-post-thumbnail","6":"product_cat-braided","7":"product_cat-flexible-bellows","8":"product_cat-id-o45mm-en-2","9":"product_cat-spare-and-products-services","10":"product_tag-balg-en","11":"product_tag-flexibel-balg-en","12":"product_tag-flx4594-en","13":"product_tag-rostfri-flexbalg-en","15":"first","16":"instock","17":"taxable","18":"shipping-taxable","19":"purchasable","20":"product-type-simple","21":"entry","22":"content-bg","23":"loop-entry"},"taxonomy_info":{"product_cat":[{"value":2403,"label":"Braided"},{"value":2402,"label":"Flexible bellows"},{"value":2406,"label":"Id \u00d845mm"},{"value":92,"label":"SPARE AND PRODUCTS SERVICES"}],"product_tag":[{"value":2912,"label":"b\u00e4lg"},{"value":2913,"label":"flexibel b\u00e4lg"},{"value":2923,"label":"FLX4594"},{"value":2915,"label":"rostfri flexb\u00e4lg"}]},"featured_image_src_large":["https:\/\/ferrita.mlwebbyra.se\/wp-content\/uploads\/2023\/03\/FLX4594_1.jpg",700,661,false],"author_info":[],"comment_info":0,"_links":{"self":[{"href":"https:\/\/ferrita.mlwebbyra.se\/en\/wp-json\/wp\/v2\/product\/16150","targetHints":{"allow":["GET"]}}],"collection":[{"href":"https:\/\/ferrita.mlwebbyra.se\/en\/wp-json\/wp\/v2\/product"}],"about":[{"href":"https:\/\/ferrita.mlwebbyra.se\/en\/wp-json\/wp\/v2\/types\/product"}],"replies":[{"embeddable":true,"href":"https:\/\/ferrita.mlwebbyra.se\/en\/wp-json\/wp\/v2\/comments?post=16150"}],"wp:featuredmedia":[{"embeddable":true,"href":"https:\/\/ferrita.mlwebbyra.se\/en\/wp-json\/wp\/v2\/media\/35684"}],"wp:attachment":[{"href":"https:\/\/ferrita.mlwebbyra.se\/en\/wp-json\/wp\/v2\/media?parent=16150"}],"wp:term":[{"taxonomy":"product_brand","embeddable":true,"href":"https:\/\/ferrita.mlwebbyra.se\/en\/wp-json\/wp\/v2\/product_brand?post=16150"},{"taxonomy":"product_cat","embeddable":true,"href":"https:\/\/ferrita.mlwebbyra.se\/en\/wp-json\/wp\/v2\/product_cat?post=16150"},{"taxonomy":"product_tag","embeddable":true,"href":"https:\/\/ferrita.mlwebbyra.se\/en\/wp-json\/wp\/v2\/product_tag?post=16150"}],"curies":[{"name":"wp","href":"https:\/\/api.w.org\/{rel}","templated":true}]}}