{"id":16130,"date":"2022-03-04T09:06:27","date_gmt":"2022-03-04T08:06:27","guid":{"rendered":"https:\/\/ferrita.mlwebbyra.se\/flans-rostfri-id-o445mm\/"},"modified":"2023-03-28T01:03:10","modified_gmt":"2023-03-27T23:03:10","slug":"flans-rostfri-id-o445mm","status":"publish","type":"product","link":"https:\/\/ferrita.mlwebbyra.se\/en\/flans-rostfri-id-o445mm\/","title":{"rendered":"Fl\u00e4ns rostfri Id. \u00d844,5mm"},"content":{"rendered":"<p>\u2022 Stainless steel EN1.4301<\/p>\n<p>\u2022 T=6mm<\/p>\n<p>\u2022 83mm outside DI<\/p>\n<p>\u2022 45mm\u00a0inside DI hole<\/p>\n<p>\u2022 Screw holes 4 x 6mm<\/p>\n","protected":false},"excerpt":{"rendered":"<p>Universaldel<\/p>\n","protected":false},"featured_media":35610,"comment_status":"closed","ping_status":"closed","template":"","meta":{"_kad_blocks_custom_css":"","_kad_blocks_head_custom_js":"","_kad_blocks_body_custom_js":"","_kad_blocks_footer_custom_js":"","_kad_post_transparent":"","_kad_post_title":"","_kad_post_layout":"","_kad_post_sidebar_id":"","_kad_post_content_style":"","_kad_post_vertical_padding":"","_kad_post_feature":"","_kad_post_feature_position":"","_kad_post_header":false,"_kad_post_footer":false,"_kad_post_classname":""},"product_brand":[],"product_cat":[2436,2441,92,2438],"product_tag":[2890,2891,2896,2892],"class_list":{"0":"post-16130","1":"product","2":"type-product","3":"status-publish","4":"has-post-thumbnail","6":"product_cat-flanges","7":"product_cat-o40-445mm","8":"product_cat-spare-and-products-services","9":"product_cat-stainless","10":"product_tag-flans-en","11":"product_tag-flansar-en","12":"product_tag-flpx83-en","13":"product_tag-rostfri-flans-en","15":"first","16":"instock","17":"taxable","18":"shipping-taxable","19":"purchasable","20":"product-type-simple","21":"entry","22":"content-bg","23":"loop-entry"},"taxonomy_info":{"product_cat":[{"value":2436,"label":"Flanges"},{"value":2441,"label":"\u00d840-44,5mm"},{"value":92,"label":"SPARE AND PRODUCTS SERVICES"},{"value":2438,"label":"Stainless"}],"product_tag":[{"value":2890,"label":"fl\u00e4ns"},{"value":2891,"label":"fl\u00e4nsar"},{"value":2896,"label":"FLPX83"},{"value":2892,"label":"rostfri fl\u00e4ns"}]},"featured_image_src_large":["https:\/\/ferrita.mlwebbyra.se\/wp-content\/uploads\/2023\/03\/FLPX83_1.jpg",800,764,false],"author_info":[],"comment_info":0,"_links":{"self":[{"href":"https:\/\/ferrita.mlwebbyra.se\/en\/wp-json\/wp\/v2\/product\/16130","targetHints":{"allow":["GET"]}}],"collection":[{"href":"https:\/\/ferrita.mlwebbyra.se\/en\/wp-json\/wp\/v2\/product"}],"about":[{"href":"https:\/\/ferrita.mlwebbyra.se\/en\/wp-json\/wp\/v2\/types\/product"}],"replies":[{"embeddable":true,"href":"https:\/\/ferrita.mlwebbyra.se\/en\/wp-json\/wp\/v2\/comments?post=16130"}],"wp:featuredmedia":[{"embeddable":true,"href":"https:\/\/ferrita.mlwebbyra.se\/en\/wp-json\/wp\/v2\/media\/35610"}],"wp:attachment":[{"href":"https:\/\/ferrita.mlwebbyra.se\/en\/wp-json\/wp\/v2\/media?parent=16130"}],"wp:term":[{"taxonomy":"product_brand","embeddable":true,"href":"https:\/\/ferrita.mlwebbyra.se\/en\/wp-json\/wp\/v2\/product_brand?post=16130"},{"taxonomy":"product_cat","embeddable":true,"href":"https:\/\/ferrita.mlwebbyra.se\/en\/wp-json\/wp\/v2\/product_cat?post=16130"},{"taxonomy":"product_tag","embeddable":true,"href":"https:\/\/ferrita.mlwebbyra.se\/en\/wp-json\/wp\/v2\/product_tag?post=16130"}],"curies":[{"name":"wp","href":"https:\/\/api.w.org\/{rel}","templated":true}]}}