{"id":16044,"date":"2022-02-26T14:28:02","date_gmt":"2022-02-26T13:28:02","guid":{"rendered":"https:\/\/ferrita.mlwebbyra.se\/glasfiberull-for-ljuddampare\/"},"modified":"2024-03-12T11:38:22","modified_gmt":"2024-03-12T10:38:22","slug":"glasfiberull-for-ljuddampare","status":"publish","type":"product","link":"https:\/\/ferrita.mlwebbyra.se\/en\/glasfiberull-for-ljuddampare\/","title":{"rendered":"Glasfiberull F\u00f6r Ljudd\u00e4mpare"},"content":{"rendered":"<div>\n<div><strong>Glasfiberull i p\u00e5se, 1KG<\/strong><\/div>\n<div>\n<div>F\u00f6r ljudd\u00e4mpare<\/div>\n<div>\u00a0<\/div>\n<\/div>\n<div>Antal 1 = 1KG = 5 p\u00e5sar.<\/div>\n<\/div>\n<div>\u00a0<\/div>\n<div>\u00c4r du os\u00e4ker p\u00e5 hur mycket ull du beh\u00f6ver?<\/div>\n<div>Kontakta oss via telefon: 0221 &#8211; 180 70<\/div>\n<div>\u00a0<\/div>\n<div>\u00a0<\/div>\n","protected":false},"excerpt":{"rendered":"<p>Universaldel<\/p>\n","protected":false},"featured_media":0,"comment_status":"open","ping_status":"closed","template":"","meta":{"_kad_blocks_custom_css":"","_kad_blocks_head_custom_js":"","_kad_blocks_body_custom_js":"","_kad_blocks_footer_custom_js":"","_kad_post_transparent":"default","_kad_post_title":"","_kad_post_layout":"default","_kad_post_sidebar_id":"","_kad_post_content_style":"default","_kad_post_vertical_padding":"default","_kad_post_feature":"","_kad_post_feature_position":"","_kad_post_header":false,"_kad_post_footer":false,"_kad_post_classname":""},"product_brand":[],"product_cat":[1606,1605,2494,2495,2496,2497,2586,92],"product_tag":[2803,2804,2805,1603],"class_list":{"0":"post-16044","1":"product","2":"type-product","3":"status-publish","5":"product_cat-connection-445mm-48mm","6":"product_cat-muffler","7":"product_cat-connection-508mm-2","8":"product_cat-connection-57mm-2-1-4","9":"product_cat-connection-635mm-2-1-2","10":"product_cat-connection-76-1mm-3","11":"product_cat-miscellaneous","12":"product_cat-spare-and-products-services","13":"product_tag-axxferr0200fgh02-en","14":"product_tag-glasfiberull-en","15":"product_tag-glasfiberull-till-ljuddampare-en","16":"product_tag-muffler","18":"first","19":"instock","20":"taxable","21":"shipping-taxable","22":"purchasable","23":"product-type-simple","24":"entry","25":"content-bg","26":"loop-entry"},"taxonomy_info":{"product_cat":[{"value":1606,"label":"Connection: 44,5mm - 48mm"},{"value":1605,"label":"Muffler"},{"value":2494,"label":"Connection: 50,8mm - 2&quot;"},{"value":2495,"label":"Connection: 57mm - 2 1\/4&quot;"},{"value":2496,"label":"Connection: 63,5mm - 2 1\/2&quot;"},{"value":2497,"label":"Connection: 76.1mm - 3"},{"value":2586,"label":"Miscellaneous"},{"value":92,"label":"SPARE AND PRODUCTS SERVICES"}],"product_tag":[{"value":2803,"label":"AXXFERR0200FGH02"},{"value":2804,"label":"glasfiberull"},{"value":2805,"label":"glasfiberull till ljudd\u00e4mpare"},{"value":1603,"label":"muffler"}]},"featured_image_src_large":false,"author_info":[],"comment_info":0,"_links":{"self":[{"href":"https:\/\/ferrita.mlwebbyra.se\/en\/wp-json\/wp\/v2\/product\/16044","targetHints":{"allow":["GET"]}}],"collection":[{"href":"https:\/\/ferrita.mlwebbyra.se\/en\/wp-json\/wp\/v2\/product"}],"about":[{"href":"https:\/\/ferrita.mlwebbyra.se\/en\/wp-json\/wp\/v2\/types\/product"}],"replies":[{"embeddable":true,"href":"https:\/\/ferrita.mlwebbyra.se\/en\/wp-json\/wp\/v2\/comments?post=16044"}],"wp:attachment":[{"href":"https:\/\/ferrita.mlwebbyra.se\/en\/wp-json\/wp\/v2\/media?parent=16044"}],"wp:term":[{"taxonomy":"product_brand","embeddable":true,"href":"https:\/\/ferrita.mlwebbyra.se\/en\/wp-json\/wp\/v2\/product_brand?post=16044"},{"taxonomy":"product_cat","embeddable":true,"href":"https:\/\/ferrita.mlwebbyra.se\/en\/wp-json\/wp\/v2\/product_cat?post=16044"},{"taxonomy":"product_tag","embeddable":true,"href":"https:\/\/ferrita.mlwebbyra.se\/en\/wp-json\/wp\/v2\/product_tag?post=16044"}],"curies":[{"name":"wp","href":"https:\/\/api.w.org\/{rel}","templated":true}]}}